{"id":1257,"date":"2025-08-17T17:57:06","date_gmt":"2025-08-17T15:57:06","guid":{"rendered":"https:\/\/veronika-broscheid.com\/?post_type=product&#038;p=1257"},"modified":"2026-01-11T17:46:14","modified_gmt":"2026-01-11T16:46:14","slug":"kleiner-leuchtturm-borkum-oelgemaelde","status":"publish","type":"product","link":"https:\/\/veronika-broscheid.com\/en_us\/product\/kleiner-leuchtturm-borkum-oelgemaelde\/","title":{"rendered":"Small lighthouse on Borkum, oil painting"},"content":{"rendered":"<p>Kleiner Leuchtturm Borkum &#8211; original \u00d6lgem\u00e4lde auf Malkarton, 40 x 30 cm, 2022, nicht gerahmt<\/p>","protected":false},"excerpt":{"rendered":"<p>Kleiner Leuchtturm Borkum &#8211; original \u00d6lgem\u00e4lde auf Malkarton, 40 x 30 cm, 2022, nicht gerahmt<\/p>","protected":false},"featured_media":178,"comment_status":"open","ping_status":"closed","template":"","meta":{"_et_pb_use_builder":"","_et_pb_old_content":"","_et_gb_content_width":""},"product_brand":[],"product_cat":[51,52,49],"product_tag":[],"class_list":{"0":"post-1257","1":"product","2":"type-product","3":"status-publish","4":"has-post-thumbnail","6":"product_cat-landschaften","7":"product_cat-oelgemaelde","8":"product_cat-originale","10":"first","11":"instock","12":"shipping-taxable","13":"purchasable","14":"product-type-simple"},"yoast_head":"<!-- This site is optimized with the Yoast SEO plugin v27.2 - https:\/\/yoast.com\/product\/yoast-seo-wordpress\/ -->\n<title>Kleiner Leuchtturm Borkum, \u00d6lgem\u00e4lde - Veronika Broscheid<\/title>\n<meta name=\"description\" content=\"Kleiner Leuchtturm Borkum, \u00d6lgem\u00e4lde auf Malkarton\" \/>\n<meta name=\"robots\" content=\"index, follow, max-snippet:-1, max-image-preview:large, max-video-preview:-1\" \/>\n<link rel=\"canonical\" href=\"https:\/\/veronika-broscheid.com\/en_us\/product\/kleiner-leuchtturm-borkum-oelgemaelde\/\" \/>\n<meta property=\"og:locale\" content=\"en_US\" \/>\n<meta property=\"og:type\" content=\"article\" \/>\n<meta property=\"og:title\" content=\"Kleiner Leuchtturm Borkum, \u00d6lgem\u00e4lde - Veronika Broscheid\" \/>\n<meta property=\"og:description\" content=\"Kleiner Leuchtturm Borkum, \u00d6lgem\u00e4lde auf Malkarton\" \/>\n<meta property=\"og:url\" content=\"https:\/\/veronika-broscheid.com\/en_us\/product\/kleiner-leuchtturm-borkum-oelgemaelde\/\" \/>\n<meta property=\"og:site_name\" content=\"Veronika Broscheid\" \/>\n<meta property=\"article:modified_time\" content=\"2026-01-11T16:46:14+00:00\" \/>\n<meta property=\"og:image\" content=\"https:\/\/veronika-broscheid.com\/wp-content\/uploads\/2023\/08\/Leuchtturm_Borkum_oil_L_2022-1-scaled.jpg\" \/>\n\t<meta property=\"og:image:width\" content=\"2560\" \/>\n\t<meta property=\"og:image:height\" content=\"1900\" \/>\n\t<meta property=\"og:image:type\" content=\"image\/jpeg\" \/>\n<meta name=\"twitter:card\" content=\"summary_large_image\" \/>\n<meta name=\"twitter:label1\" content=\"Est. reading time\" \/>\n\t<meta name=\"twitter:data1\" content=\"1 minute\" \/>\n<script type=\"application\/ld+json\" class=\"yoast-schema-graph\">{\"@context\":\"https:\/\/schema.org\",\"@graph\":[{\"@type\":\"WebPage\",\"@id\":\"https:\/\/veronika-broscheid.com\/produkt\/kleiner-leuchtturm-borkum-oelgemaelde\/\",\"url\":\"https:\/\/veronika-broscheid.com\/produkt\/kleiner-leuchtturm-borkum-oelgemaelde\/\",\"name\":\"Kleiner Leuchtturm Borkum, \u00d6lgem\u00e4lde - Veronika Broscheid\",\"isPartOf\":{\"@id\":\"https:\/\/veronika-broscheid.com\/#website\"},\"primaryImageOfPage\":{\"@id\":\"https:\/\/veronika-broscheid.com\/produkt\/kleiner-leuchtturm-borkum-oelgemaelde\/#primaryimage\"},\"image\":{\"@id\":\"https:\/\/veronika-broscheid.com\/produkt\/kleiner-leuchtturm-borkum-oelgemaelde\/#primaryimage\"},\"thumbnailUrl\":\"https:\/\/veronika-broscheid.com\/wp-content\/uploads\/2023\/08\/Leuchtturm_Borkum_oil_L_2022-1-scaled.jpg\",\"datePublished\":\"2025-08-17T15:57:06+00:00\",\"dateModified\":\"2026-01-11T16:46:14+00:00\",\"description\":\"Kleiner Leuchtturm Borkum, \u00d6lgem\u00e4lde auf Malkarton\",\"breadcrumb\":{\"@id\":\"https:\/\/veronika-broscheid.com\/produkt\/kleiner-leuchtturm-borkum-oelgemaelde\/#breadcrumb\"},\"inLanguage\":\"en-US\",\"potentialAction\":[{\"@type\":\"ReadAction\",\"target\":[\"https:\/\/veronika-broscheid.com\/produkt\/kleiner-leuchtturm-borkum-oelgemaelde\/\"]}]},{\"@type\":\"ImageObject\",\"inLanguage\":\"en-US\",\"@id\":\"https:\/\/veronika-broscheid.com\/produkt\/kleiner-leuchtturm-borkum-oelgemaelde\/#primaryimage\",\"url\":\"https:\/\/veronika-broscheid.com\/wp-content\/uploads\/2023\/08\/Leuchtturm_Borkum_oil_L_2022-1-scaled.jpg\",\"contentUrl\":\"https:\/\/veronika-broscheid.com\/wp-content\/uploads\/2023\/08\/Leuchtturm_Borkum_oil_L_2022-1-scaled.jpg\",\"width\":2560,\"height\":1900,\"caption\":\"Elektrischer Leuchtturm Borkum, \u00d6l auf Malkarton, 40 x 30 cm, 2022\"},{\"@type\":\"BreadcrumbList\",\"@id\":\"https:\/\/veronika-broscheid.com\/produkt\/kleiner-leuchtturm-borkum-oelgemaelde\/#breadcrumb\",\"itemListElement\":[{\"@type\":\"ListItem\",\"position\":1,\"name\":\"Startseite\",\"item\":\"https:\/\/veronika-broscheid.com\/\"},{\"@type\":\"ListItem\",\"position\":2,\"name\":\"Shop\",\"item\":\"https:\/\/veronika-broscheid.com\/shop\/\"},{\"@type\":\"ListItem\",\"position\":3,\"name\":\"Kleiner Leuchtturm Borkum, \u00d6lgem\u00e4lde\"}]},{\"@type\":\"WebSite\",\"@id\":\"https:\/\/veronika-broscheid.com\/#website\",\"url\":\"https:\/\/veronika-broscheid.com\/\",\"name\":\"Veronika Broscheid\",\"description\":\"\",\"potentialAction\":[{\"@type\":\"SearchAction\",\"target\":{\"@type\":\"EntryPoint\",\"urlTemplate\":\"https:\/\/veronika-broscheid.com\/?s={search_term_string}\"},\"query-input\":{\"@type\":\"PropertyValueSpecification\",\"valueRequired\":true,\"valueName\":\"search_term_string\"}}],\"inLanguage\":\"en-US\"}]}<\/script>\n<!-- \/ Yoast SEO plugin. -->","yoast_head_json":{"title":"Kleiner Leuchtturm Borkum, \u00d6lgem\u00e4lde - Veronika Broscheid","description":"Kleiner Leuchtturm Borkum, \u00d6lgem\u00e4lde auf Malkarton","robots":{"index":"index","follow":"follow","max-snippet":"max-snippet:-1","max-image-preview":"max-image-preview:large","max-video-preview":"max-video-preview:-1"},"canonical":"https:\/\/veronika-broscheid.com\/en_us\/product\/kleiner-leuchtturm-borkum-oelgemaelde\/","og_locale":"en_US","og_type":"article","og_title":"Kleiner Leuchtturm Borkum, \u00d6lgem\u00e4lde - Veronika Broscheid","og_description":"Kleiner Leuchtturm Borkum, \u00d6lgem\u00e4lde auf Malkarton","og_url":"https:\/\/veronika-broscheid.com\/en_us\/product\/kleiner-leuchtturm-borkum-oelgemaelde\/","og_site_name":"Veronika Broscheid","article_modified_time":"2026-01-11T16:46:14+00:00","og_image":[{"width":2560,"height":1900,"url":"https:\/\/veronika-broscheid.com\/wp-content\/uploads\/2023\/08\/Leuchtturm_Borkum_oil_L_2022-1-scaled.jpg","type":"image\/jpeg"}],"twitter_card":"summary_large_image","twitter_misc":{"Est. reading time":"1 minute"},"schema":{"@context":"https:\/\/schema.org","@graph":[{"@type":"WebPage","@id":"https:\/\/veronika-broscheid.com\/produkt\/kleiner-leuchtturm-borkum-oelgemaelde\/","url":"https:\/\/veronika-broscheid.com\/produkt\/kleiner-leuchtturm-borkum-oelgemaelde\/","name":"Kleiner Leuchtturm Borkum, \u00d6lgem\u00e4lde - Veronika Broscheid","isPartOf":{"@id":"https:\/\/veronika-broscheid.com\/#website"},"primaryImageOfPage":{"@id":"https:\/\/veronika-broscheid.com\/produkt\/kleiner-leuchtturm-borkum-oelgemaelde\/#primaryimage"},"image":{"@id":"https:\/\/veronika-broscheid.com\/produkt\/kleiner-leuchtturm-borkum-oelgemaelde\/#primaryimage"},"thumbnailUrl":"https:\/\/veronika-broscheid.com\/wp-content\/uploads\/2023\/08\/Leuchtturm_Borkum_oil_L_2022-1-scaled.jpg","datePublished":"2025-08-17T15:57:06+00:00","dateModified":"2026-01-11T16:46:14+00:00","description":"Kleiner Leuchtturm Borkum, \u00d6lgem\u00e4lde auf Malkarton","breadcrumb":{"@id":"https:\/\/veronika-broscheid.com\/produkt\/kleiner-leuchtturm-borkum-oelgemaelde\/#breadcrumb"},"inLanguage":"en-US","potentialAction":[{"@type":"ReadAction","target":["https:\/\/veronika-broscheid.com\/produkt\/kleiner-leuchtturm-borkum-oelgemaelde\/"]}]},{"@type":"ImageObject","inLanguage":"en-US","@id":"https:\/\/veronika-broscheid.com\/produkt\/kleiner-leuchtturm-borkum-oelgemaelde\/#primaryimage","url":"https:\/\/veronika-broscheid.com\/wp-content\/uploads\/2023\/08\/Leuchtturm_Borkum_oil_L_2022-1-scaled.jpg","contentUrl":"https:\/\/veronika-broscheid.com\/wp-content\/uploads\/2023\/08\/Leuchtturm_Borkum_oil_L_2022-1-scaled.jpg","width":2560,"height":1900,"caption":"Elektrischer Leuchtturm Borkum, \u00d6l auf Malkarton, 40 x 30 cm, 2022"},{"@type":"BreadcrumbList","@id":"https:\/\/veronika-broscheid.com\/produkt\/kleiner-leuchtturm-borkum-oelgemaelde\/#breadcrumb","itemListElement":[{"@type":"ListItem","position":1,"name":"Startseite","item":"https:\/\/veronika-broscheid.com\/"},{"@type":"ListItem","position":2,"name":"Shop","item":"https:\/\/veronika-broscheid.com\/shop\/"},{"@type":"ListItem","position":3,"name":"Kleiner Leuchtturm Borkum, \u00d6lgem\u00e4lde"}]},{"@type":"WebSite","@id":"https:\/\/veronika-broscheid.com\/#website","url":"https:\/\/veronika-broscheid.com\/","name":"Veronika Broscheid","description":"","potentialAction":[{"@type":"SearchAction","target":{"@type":"EntryPoint","urlTemplate":"https:\/\/veronika-broscheid.com\/?s={search_term_string}"},"query-input":{"@type":"PropertyValueSpecification","valueRequired":true,"valueName":"search_term_string"}}],"inLanguage":"en-US"}]}},"_links":{"self":[{"href":"https:\/\/veronika-broscheid.com\/en_us\/wp-json\/wp\/v2\/product\/1257","targetHints":{"allow":["GET"]}}],"collection":[{"href":"https:\/\/veronika-broscheid.com\/en_us\/wp-json\/wp\/v2\/product"}],"about":[{"href":"https:\/\/veronika-broscheid.com\/en_us\/wp-json\/wp\/v2\/types\/product"}],"replies":[{"embeddable":true,"href":"https:\/\/veronika-broscheid.com\/en_us\/wp-json\/wp\/v2\/comments?post=1257"}],"wp:featuredmedia":[{"embeddable":true,"href":"https:\/\/veronika-broscheid.com\/en_us\/wp-json\/wp\/v2\/media\/178"}],"wp:attachment":[{"href":"https:\/\/veronika-broscheid.com\/en_us\/wp-json\/wp\/v2\/media?parent=1257"}],"wp:term":[{"taxonomy":"product_brand","embeddable":true,"href":"https:\/\/veronika-broscheid.com\/en_us\/wp-json\/wp\/v2\/product_brand?post=1257"},{"taxonomy":"product_cat","embeddable":true,"href":"https:\/\/veronika-broscheid.com\/en_us\/wp-json\/wp\/v2\/product_cat?post=1257"},{"taxonomy":"product_tag","embeddable":true,"href":"https:\/\/veronika-broscheid.com\/en_us\/wp-json\/wp\/v2\/product_tag?post=1257"}],"curies":[{"name":"wp","href":"https:\/\/api.w.org\/{rel}","templated":true}]}}