{"id":93,"date":"2023-06-14T09:23:43","date_gmt":"2023-06-14T07:23:43","guid":{"rendered":"https:\/\/veronika-broscheid.com\/?page_id=93"},"modified":"2025-03-30T19:15:13","modified_gmt":"2025-03-30T17:15:13","slug":"vita","status":"publish","type":"page","link":"https:\/\/veronika-broscheid.com\/en_us\/vita\/","title":{"rendered":"About"},"content":{"rendered":"<p>[et_pb_section fb_built=&#8220;1&#8243; admin_label=&#8220;About&#8220; _builder_version=&#8220;4.23.1&#8243; _module_preset=&#8220;default&#8220; background_color=&#8220;#D9E5F4&#8243; global_colors_info=&#8220;{}&#8220;][et_pb_row _builder_version=&#8220;4.23.1&#8243; _module_preset=&#8220;default&#8220; transform_scale_tablet=&#8220;&#8220; transform_scale_phone=&#8220;&#8220; transform_scale_last_edited=&#8220;on|phone&#8220; transform_translate_tablet=&#8220;&#8220; transform_translate_phone=&#8220;&#8220; transform_translate_last_edited=&#8220;on|phone&#8220; transform_rotate_tablet=&#8220;&#8220; transform_rotate_phone=&#8220;&#8220; transform_rotate_last_edited=&#8220;on|phone&#8220; transform_skew_tablet=&#8220;&#8220; transform_skew_phone=&#8220;&#8220; transform_skew_last_edited=&#8220;on|phone&#8220; transform_origin_tablet=&#8220;&#8220; transform_origin_phone=&#8220;&#8220; transform_origin_last_edited=&#8220;on|phone&#8220; transform_styles_last_edited=&#8220;on|phone&#8220; custom_margin=&#8220;3px|auto||auto||&#8220; custom_margin_tablet=&#8220;&#8220; custom_margin_phone=&#8220;&#8220; custom_margin_last_edited=&#8220;on|desktop&#8220; custom_padding=&#8220;1px|0px||39px|false|false&#8220; transform_styles_tablet=&#8220;&#8220; transform_styles_phone=&#8220;&#8220; border_radii_tablet=&#8220;&#8220; border_radii_phone=&#8220;&#8220; border_radii_last_edited=&#8220;on|desktop&#8220; global_colors_info=&#8220;{}&#8220;][et_pb_column type=&#8220;4_4&#8243; _builder_version=&#8220;4.16&#8243; _module_preset=&#8220;default&#8220; global_colors_info=&#8220;{}&#8220;][et_pb_text _builder_version=&#8220;4.23.1&#8243; _module_preset=&#8220;b53a70bb-9f62-4ee5-b34f-c7a321ddbf6c&#8220; header_font=&#8220;Inter|300|||||||&#8220; header_text_color=&#8220;#000000&#8243; header_font_size=&#8220;78px&#8220; header_line_height=&#8220;1.1em&#8220; transform_scale_tablet=&#8220;&#8220; transform_scale_phone=&#8220;&#8220; transform_scale_last_edited=&#8220;on|tablet&#8220; transform_translate=&#8220;-4px|-181px&#8220; transform_translate_tablet=&#8220;-4px|-181px&#8220; transform_translate_phone=&#8220;-4px|-181px&#8220; transform_translate_last_edited=&#8220;on|tablet&#8220; transform_rotate_tablet=&#8220;&#8220; transform_rotate_phone=&#8220;&#8220; transform_rotate_last_edited=&#8220;on|tablet&#8220; transform_skew_tablet=&#8220;&#8220; transform_skew_phone=&#8220;&#8220; transform_skew_last_edited=&#8220;on|tablet&#8220; transform_origin_tablet=&#8220;&#8220; transform_origin_phone=&#8220;&#8220; transform_origin_last_edited=&#8220;on|tablet&#8220; transform_styles_last_edited=&#8220;on|tablet&#8220; width=&#8220;100%&#8220; min_height=&#8220;97.8px&#8220; height=&#8220;90px&#8220; custom_margin=&#8220;|||-73px||&#8220; custom_padding=&#8220;0px|||15px|false|false&#8220; header_font_size_tablet=&#8220;44px&#8220; header_font_size_phone=&#8220;28px&#8220; header_font_size_last_edited=&#8220;on|phone&#8220; transform_styles_tablet=&#8220;&#8220; transform_styles_phone=&#8220;&#8220; global_colors_info=&#8220;{}&#8220;]<\/p>\n<h1>Vita<\/h1>\n<p>[\/et_pb_text][et_pb_text content_tablet=&#8220;<\/p>\n<p style=%22text-align: justify;%22>Vita<\/p>\n<p style=%22text-align: justify;%22>Die Welt entdecken. Festhalten. Erz\u00e4hlen lassen.<\/p>\n<p style=%22text-align: justify;%22>Viele Wege f\u00fchren nach Rom. Genauso viele f\u00fchren zur Kunst: Nach der Schulzeit ging ich beruflich abwechslungsreiche Wege. So studierte ich nach einer Friseurlehre und einem Sprachstudium im englischen Bristol Zeichentrickfilm.<\/p>\n<p>Mit meinem ersten Kurzfilm &#8211; <span style=%22text-decoration: underline;%22><span style=%22color: #000000;%22><a href=%22https:\/\/vimeo.com\/manage\/videos\/33984586%22 style=%22color: #000000; text-decoration: underline;%22>The Lonely Socks Club<\/a><\/span><\/span> &#8211; war ich 2010 auf dem Animationsfestival <span style=%22text-decoration: underline;%22><span style=%22color: #000000;%22><a href=%22https:\/\/www.trickywomen.at\/de%22 style=%22color: #000000;%22>Tricky Women\/Tricky Realities<\/a><\/span><\/span> vertreten, ebenso im englischen Stratford-upon-Avon, wo der Film auf dem Falstaff International Film Festival 2009 als Best Animated Film nominiert wurde.<\/p>\n<p><span>2011 stellte ich meinen zweiten Kurzfilm &#8211;<span style=%22text-decoration: underline;%22><span style=%22color: #000000;%22> <a href=%22https:\/\/vimeo.com\/manage\/videos\/189425693%22 style=%22color: #000000; text-decoration: underline;%22>Jurgis Joniskis<\/a> <\/span><\/span>&#8211; in Kooperation mit der niederl\u00e4ndischen Stiftung<span style=%22text-decoration: underline;%22><span style=%22color: #000000;%22> <a href=%22https:\/\/www.droomwevers.nl\/%22 style=%22color: #000000; text-decoration: underline;%22>Droomwevers<\/a> <\/span><\/span>fertig. Der Film ist als Teil einer<span style=%22text-decoration: underline;%22><span style=%22color: #000000;%22> <a href=%22https:\/\/www.droomwevers.nl\/webwinkel\/product\/131-europe-abc-book-and-dvd%22 style=%22color: #000000; text-decoration: underline;%22>Sammel-DVD<\/a><\/span><\/span> erh\u00e4ltlich.<\/span><\/p>\n<p>Es folgten mehrere Jahre freiberuflicher T\u00e4tigkeit. In Kunst- und Trickfilmkursen steckte ich Kinder mit meiner Begeisterung f\u00fcr k\u00fcnstlerische Ausdrucksformen an und blicke inzwischen auf mehrj\u00e4hrige Unterrichtserfahrung zur\u00fcck. Parallel dazu erweiterte ich meine malerischen und zeichnerischen F\u00e4higkeiten und entsprechend auch mein Portfolio, unter anderem im Rahmen von Studienreisen nach D\u00e4nemark und Italien.<\/p>\n<p>Inzwischen konzentriere ich mich intensiver auf die Malerei. Landschaften und Menschen haben es mir besonders angetan. Mein bevorzugtes Medium ist Aquarell, aber auch \u00d6l- und Pastellfarben, Tusche oder einer Kombination verschiedener Materialien kommen zum Einsatz.<\/p>\n<p>Bei Interessen an meinen Werken und Kursen f\u00fcr Kinder und Erwachsene freue ich mich auf eine<span style=%22color: #000000;%22><span style=%22text-decoration: underline;%22> <a href=%22https:\/\/veronika-broscheid.com\/kontakt\/%22 style=%22color: #000000; text-decoration: underline;%22>Nachricht<\/a><\/span>!<\/span><\/p>\n<p>&#8220; content_phone=&#8220;<\/p>\n<p style=%22text-align: justify;%22><strong>Vita<\/strong><\/p>\n<p style=%22text-align: justify;%22><strong>Die Welt entdecken. Festhalten. Erz\u00e4hlen lassen.<\/strong><\/p>\n<p style=%22text-align: justify;%22>Viele Wege f\u00fchren nach Rom. Genauso viele f\u00fchren zur Kunst: Nach der Schulzeit ging ich beruflich abwechslungsreiche Wege. So studierte ich nach einer Friseurlehre und einem Sprachstudium im englischen Bristol Zeichentrickfilm.<\/p>\n<p>Mit meinem ersten Kurzfilm &#8211; <span style=%22text-decoration: underline;%22><span style=%22color: #000000;%22><a href=%22https:\/\/vimeo.com\/manage\/videos\/33984586%22 style=%22color: #000000; text-decoration: underline;%22>The Lonely Socks Club<\/a><\/span><\/span> &#8211; war ich 2010 auf dem Animationsfestival <span style=%22text-decoration: underline;%22><span style=%22color: #000000;%22><a href=%22https:\/\/www.trickywomen.at\/de%22 style=%22color: #000000;%22>Tricky Women\/Tricky Realities<\/a><\/span><\/span> vertreten, ebenso im englischen Stratford-upon-Avon, wo der Film auf dem Falstaff International Film Festival 2009 als Best Animated Film nominiert wurde.<\/p>\n<p><span>2011 stellte ich meinen zweiten Kurzfilm &#8211;<span style=%22text-decoration: underline;%22><span style=%22color: #000000;%22> <a href=%22https:\/\/vimeo.com\/manage\/videos\/189425693%22 style=%22color: #000000; text-decoration: underline;%22>Jurgis Joniskis<\/a> <\/span><\/span>&#8211; in Kooperation mit der niederl\u00e4ndischen Stiftung<span style=%22text-decoration: underline;%22><span style=%22color: #000000;%22> <a href=%22https:\/\/www.droomwevers.nl\/%22 style=%22color: #000000; text-decoration: underline;%22>Droomwevers<\/a> <\/span><\/span>fertig. Der Film ist als Teil einer<span style=%22text-decoration: underline;%22><span style=%22color: #000000;%22> <a href=%22https:\/\/www.droomwevers.nl\/webwinkel\/product\/131-europe-abc-book-and-dvd%22 style=%22color: #000000; text-decoration: underline;%22>Sammel-DVD<\/a><\/span><\/span> erh\u00e4ltlich.<\/span><\/p>\n<p>Es folgten mehrere Jahre freiberuflicher T\u00e4tigkeit. In Kunst- und Trickfilmkursen steckte ich Kinder mit meiner Begeisterung f\u00fcr k\u00fcnstlerische Ausdrucksformen an und blicke inzwischen auf mehrj\u00e4hrige Unterrichtserfahrung zur\u00fcck. Parallel dazu erweiterte ich meine malerischen und zeichnerischen F\u00e4higkeiten und entsprechend auch mein Portfolio, unter anderem im Rahmen von Studienreisen nach D\u00e4nemark und Italien.<\/p>\n<p>Inzwischen konzentriere ich mich intensiver auf die Malerei. Landschaften und Menschen haben es mir besonders angetan. Mein bevorzugtes Medium ist Aquarell, aber auch \u00d6l- und Pastellfarben, Tusche oder einer Kombination verschiedener Materialien kommen zum Einsatz.<\/p>\n<p>Bei Interessen an meinen Werken und Kursen f\u00fcr Kinder und Erwachsene freue ich mich auf eine<span style=%22color: #000000;%22><span style=%22text-decoration: underline;%22> <a href=%22https:\/\/veronika-broscheid.com\/kontakt\/%22 style=%22color: #000000; text-decoration: underline;%22>Nachricht<\/a><\/span>!<\/span><\/p>\n<p>&#8220; content_last_edited=&#8220;off|tablet&#8220; _builder_version=&#8220;4.27.4&#8243; _module_preset=&#8220;f0cf31b9-b2e7-4752-a57c-6e2f73347b36&#8243; text_font=&#8220;Inter|300|||||||&#8220; text_text_color=&#8220;#000000&#8243; text_font_size=&#8220;17px&#8220; text_line_height=&#8220;1.8em&#8220; transform_translate=&#8220;-1px|-199px&#8220; min_height=&#8220;976px&#8220; custom_margin=&#8220;||0px|-68px|false|false&#8220; custom_margin_tablet=&#8220;67px|||15px|false|false&#8220; custom_margin_phone=&#8220;52px|||-68px|false|false&#8220; custom_margin_last_edited=&#8220;on|tablet&#8220; custom_padding=&#8220;30px|71px|0px|15px|false|false&#8220; hover_enabled=&#8220;0&#8243; text_font_size_tablet=&#8220;16px&#8220; text_font_size_phone=&#8220;12px&#8220; text_font_size_last_edited=&#8220;on|phone&#8220; header_font_size_tablet=&#8220;55px&#8220; header_font_size_last_edited=&#8220;off|desktop&#8220; global_colors_info=&#8220;{}&#8220; sticky_enabled=&#8220;0&#8243;]<\/p>\n<p style=\"text-align: justify;\"><strong>Vita<\/strong><\/p>\n<p style=\"text-align: justify;\"><strong>Die Welt entdecken. Festhalten. Erz\u00e4hlen lassen.<\/strong><\/p>\n<p style=\"text-align: justify;\">Viele Wege f\u00fchren nach Rom. Genauso viele f\u00fchren zur Kunst: Nach der Schulzeit ging ich beruflich abwechslungsreiche Wege. So studierte ich nach einer Friseurlehre und einem Sprachstudium im englischen Bristol Zeichentrickfilm.<\/p>\n<p>Mit meinem ersten Kurzfilm &#8211; <span style=\"text-decoration: underline;\"><span style=\"color: #000000;\"><a href=\"https:\/\/vimeo.com\/manage\/videos\/33984586\" style=\"color: #000000; text-decoration: underline;\">The Lonely Socks Club<\/a><\/span><\/span> &#8211; war ich 2010 auf dem Animationsfestival <span style=\"text-decoration: underline;\"><span style=\"color: #000000;\"><a href=\"https:\/\/www.trickywomen.at\/de\" style=\"color: #000000;\">Tricky Women\/Tricky Realities<\/a><\/span><\/span> vertreten, ebenso im englischen Stratford-upon-Avon, wo der Film auf dem Falstaff International Film Festival 2009 als Best Animated Film nominiert wurde.<\/p>\n<p><span>2011 stellte ich meinen zweiten Kurzfilm &#8211;<span style=\"text-decoration: underline;\"><span style=\"color: #000000;\"> <a href=\"https:\/\/vimeo.com\/manage\/videos\/189425693\" style=\"color: #000000; text-decoration: underline;\">Jurgis Joniskis<\/a> <\/span><\/span>&#8211; in Kooperation mit der niederl\u00e4ndischen Stiftung<span style=\"text-decoration: underline;\"><span style=\"color: #000000;\"> <a href=\"https:\/\/www.droomwevers.nl\/\" style=\"color: #000000; text-decoration: underline;\">Droomwevers<\/a> <\/span><\/span>fertig. Der Film ist als Teil einer<span style=\"text-decoration: underline;\"><span style=\"color: #000000;\"> <a href=\"https:\/\/www.droomwevers.nl\/webwinkel\/product\/131-europe-abc-book-and-dvd\" style=\"color: #000000; text-decoration: underline;\">Sammel-DVD<\/a><\/span><\/span> erh\u00e4ltlich.<\/span><\/p>\n<p>Es folgten mehrere Jahre freiberuflicher T\u00e4tigkeit. In Kunst- und Trickfilmkursen steckte ich Kinder mit meiner Begeisterung f\u00fcr k\u00fcnstlerische Ausdrucksformen an und blicke inzwischen auf mehrj\u00e4hrige Unterrichtserfahrung zur\u00fcck. Parallel dazu erweiterte ich meine malerischen und zeichnerischen F\u00e4higkeiten und entsprechend auch mein Portfolio, unter anderem im Rahmen von Studienreisen nach D\u00e4nemark und Italien.<\/p>\n<p>Inzwischen konzentriere ich mich intensiver auf die Malerei. Weite Landschaften und ihre Bewohner &#8211; Menschen wie\u00a0 V\u00f6gel &#8211; haben es mir besonders angetan. Diese bringe ich bevorzugt in flie\u00dfender Tusche oder Aquarell, aber auch gerne in \u00d6lfarbe, Pastellkreide oder eine Kombination verschiedener Medien zu Papier.<\/p>\n<p>Bei Interessen an meinen Werken und Kursen f\u00fcr Kinder und Erwachsene freue ich mich auf eine<span style=\"color: #000000;\"><span style=\"text-decoration: underline;\"> <a href=\"https:\/\/veronika-broscheid.com\/kontakt\/\" style=\"color: #000000; text-decoration: underline;\">Nachricht<\/a><\/span>!<\/span><\/p>\n<p>[\/et_pb_text][et_pb_accordion _builder_version=&#8220;4.23.1&#8243; _module_preset=&#8220;default&#8220; transform_scale_tablet=&#8220;&#8220; transform_scale_phone=&#8220;&#8220; transform_scale_last_edited=&#8220;on|tablet&#8220; transform_translate=&#8220;305px|-413px&#8220; transform_translate_tablet=&#8220;162px|-193px&#8220; transform_translate_phone=&#8220;7px|-182px&#8220; transform_translate_last_edited=&#8220;on|phone&#8220; transform_rotate_tablet=&#8220;&#8220; transform_rotate_phone=&#8220;&#8220; transform_rotate_last_edited=&#8220;on|desktop&#8220; transform_skew_tablet=&#8220;&#8220; transform_skew_phone=&#8220;&#8220; transform_skew_last_edited=&#8220;on|desktop&#8220; transform_origin_tablet=&#8220;&#8220; transform_origin_phone=&#8220;&#8220; transform_origin_last_edited=&#8220;on|desktop&#8220; transform_styles_last_edited=&#8220;on|phone&#8220; transform_styles_tablet=&#8220;&#8220; transform_styles_phone=&#8220;&#8220; global_colors_info=&#8220;{}&#8220;][et_pb_accordion_item open=&#8220;on&#8220; _builder_version=&#8220;4.23.1&#8243; _module_preset=&#8220;default&#8220; background_color=&#8220;#D9E5F4&#8243; background_enable_color=&#8220;on&#8220; global_colors_info=&#8220;{}&#8220;]<\/p>\n<p><img loading=\"lazy\" decoding=\"async\" src=\"http:\/\/veronika-broscheid.com\/wp-content\/uploads\/2023\/11\/VBroscheid-205x300.jpg\" width=\"205\" height=\"300\" alt=\"Veronika Broscheid\" class=\"wp-image-475 alignnone size-medium\" \/><\/p>\n<p>[\/et_pb_accordion_item][\/et_pb_accordion][\/et_pb_column][\/et_pb_row][\/et_pb_section]<\/p>\n","protected":false},"excerpt":{"rendered":"<p>VitaVita Die Welt entdecken. Festhalten. Erz\u00e4hlen lassen. Viele Wege f\u00fchren nach Rom. Genauso viele f\u00fchren zur Kunst: Nach der Schulzeit ging ich beruflich abwechslungsreiche Wege. So studierte ich nach einer Friseurlehre und einem Sprachstudium im englischen Bristol Zeichentrickfilm. Mit meinem ersten Kurzfilm &#8211; The Lonely Socks Club &#8211; war ich 2010 auf dem Animationsfestival Tricky [&hellip;]<\/p>\n","protected":false},"author":1,"featured_media":0,"parent":0,"menu_order":0,"comment_status":"closed","ping_status":"closed","template":"","meta":{"_et_pb_use_builder":"on","_et_pb_old_content":"","_et_gb_content_width":"","footnotes":""},"class_list":["post-93","page","type-page","status-publish","hentry"],"yoast_head":"<!-- This site is optimized with the Yoast SEO plugin v27.2 - https:\/\/yoast.com\/product\/yoast-seo-wordpress\/ -->\n<title>Vita - Veronika Broscheid<\/title>\n<meta name=\"robots\" content=\"index, follow, max-snippet:-1, max-image-preview:large, max-video-preview:-1\" \/>\n<link rel=\"canonical\" href=\"https:\/\/veronika-broscheid.com\/en_us\/vita\/\" \/>\n<meta property=\"og:locale\" content=\"en_US\" \/>\n<meta property=\"og:type\" content=\"article\" \/>\n<meta property=\"og:title\" content=\"Vita - Veronika Broscheid\" \/>\n<meta property=\"og:description\" content=\"VitaVita Die Welt entdecken. Festhalten. Erz\u00e4hlen lassen. Viele Wege f\u00fchren nach Rom. Genauso viele f\u00fchren zur Kunst: Nach der Schulzeit ging ich beruflich abwechslungsreiche Wege. So studierte ich nach einer Friseurlehre und einem Sprachstudium im englischen Bristol Zeichentrickfilm. Mit meinem ersten Kurzfilm - The Lonely Socks Club - war ich 2010 auf dem Animationsfestival Tricky [&hellip;]\" \/>\n<meta property=\"og:url\" content=\"https:\/\/veronika-broscheid.com\/en_us\/vita\/\" \/>\n<meta property=\"og:site_name\" content=\"Veronika Broscheid\" \/>\n<meta property=\"article:modified_time\" content=\"2025-03-30T17:15:13+00:00\" \/>\n<meta property=\"og:image\" content=\"http:\/\/veronika-broscheid.com\/wp-content\/uploads\/2023\/11\/VBroscheid-205x300.jpg\" \/>\n<meta name=\"twitter:card\" content=\"summary_large_image\" \/>\n<script type=\"application\/ld+json\" class=\"yoast-schema-graph\">{\"@context\":\"https:\/\/schema.org\",\"@graph\":[{\"@type\":\"WebPage\",\"@id\":\"https:\/\/veronika-broscheid.com\/vita\/\",\"url\":\"https:\/\/veronika-broscheid.com\/vita\/\",\"name\":\"Vita - Veronika Broscheid\",\"isPartOf\":{\"@id\":\"https:\/\/veronika-broscheid.com\/#website\"},\"primaryImageOfPage\":{\"@id\":\"https:\/\/veronika-broscheid.com\/vita\/#primaryimage\"},\"image\":{\"@id\":\"https:\/\/veronika-broscheid.com\/vita\/#primaryimage\"},\"thumbnailUrl\":\"http:\/\/veronika-broscheid.com\/wp-content\/uploads\/2023\/11\/VBroscheid-205x300.jpg\",\"datePublished\":\"2023-06-14T07:23:43+00:00\",\"dateModified\":\"2025-03-30T17:15:13+00:00\",\"breadcrumb\":{\"@id\":\"https:\/\/veronika-broscheid.com\/vita\/#breadcrumb\"},\"inLanguage\":\"en-US\",\"potentialAction\":[{\"@type\":\"ReadAction\",\"target\":[\"https:\/\/veronika-broscheid.com\/vita\/\"]}]},{\"@type\":\"ImageObject\",\"inLanguage\":\"en-US\",\"@id\":\"https:\/\/veronika-broscheid.com\/vita\/#primaryimage\",\"url\":\"http:\/\/veronika-broscheid.com\/wp-content\/uploads\/2023\/11\/VBroscheid-205x300.jpg\",\"contentUrl\":\"http:\/\/veronika-broscheid.com\/wp-content\/uploads\/2023\/11\/VBroscheid-205x300.jpg\"},{\"@type\":\"BreadcrumbList\",\"@id\":\"https:\/\/veronika-broscheid.com\/vita\/#breadcrumb\",\"itemListElement\":[{\"@type\":\"ListItem\",\"position\":1,\"name\":\"Startseite\",\"item\":\"https:\/\/veronika-broscheid.com\/\"},{\"@type\":\"ListItem\",\"position\":2,\"name\":\"Vita\"}]},{\"@type\":\"WebSite\",\"@id\":\"https:\/\/veronika-broscheid.com\/#website\",\"url\":\"https:\/\/veronika-broscheid.com\/\",\"name\":\"Veronika Broscheid\",\"description\":\"\",\"potentialAction\":[{\"@type\":\"SearchAction\",\"target\":{\"@type\":\"EntryPoint\",\"urlTemplate\":\"https:\/\/veronika-broscheid.com\/?s={search_term_string}\"},\"query-input\":{\"@type\":\"PropertyValueSpecification\",\"valueRequired\":true,\"valueName\":\"search_term_string\"}}],\"inLanguage\":\"en-US\"}]}<\/script>\n<!-- \/ Yoast SEO plugin. -->","yoast_head_json":{"title":"Vita - Veronika Broscheid","robots":{"index":"index","follow":"follow","max-snippet":"max-snippet:-1","max-image-preview":"max-image-preview:large","max-video-preview":"max-video-preview:-1"},"canonical":"https:\/\/veronika-broscheid.com\/en_us\/vita\/","og_locale":"en_US","og_type":"article","og_title":"Vita - Veronika Broscheid","og_description":"VitaVita Die Welt entdecken. Festhalten. Erz\u00e4hlen lassen. Viele Wege f\u00fchren nach Rom. Genauso viele f\u00fchren zur Kunst: Nach der Schulzeit ging ich beruflich abwechslungsreiche Wege. So studierte ich nach einer Friseurlehre und einem Sprachstudium im englischen Bristol Zeichentrickfilm. Mit meinem ersten Kurzfilm - The Lonely Socks Club - war ich 2010 auf dem Animationsfestival Tricky [&hellip;]","og_url":"https:\/\/veronika-broscheid.com\/en_us\/vita\/","og_site_name":"Veronika Broscheid","article_modified_time":"2025-03-30T17:15:13+00:00","og_image":[{"url":"http:\/\/veronika-broscheid.com\/wp-content\/uploads\/2023\/11\/VBroscheid-205x300.jpg","type":"","width":"","height":""}],"twitter_card":"summary_large_image","schema":{"@context":"https:\/\/schema.org","@graph":[{"@type":"WebPage","@id":"https:\/\/veronika-broscheid.com\/vita\/","url":"https:\/\/veronika-broscheid.com\/vita\/","name":"Vita - Veronika Broscheid","isPartOf":{"@id":"https:\/\/veronika-broscheid.com\/#website"},"primaryImageOfPage":{"@id":"https:\/\/veronika-broscheid.com\/vita\/#primaryimage"},"image":{"@id":"https:\/\/veronika-broscheid.com\/vita\/#primaryimage"},"thumbnailUrl":"http:\/\/veronika-broscheid.com\/wp-content\/uploads\/2023\/11\/VBroscheid-205x300.jpg","datePublished":"2023-06-14T07:23:43+00:00","dateModified":"2025-03-30T17:15:13+00:00","breadcrumb":{"@id":"https:\/\/veronika-broscheid.com\/vita\/#breadcrumb"},"inLanguage":"en-US","potentialAction":[{"@type":"ReadAction","target":["https:\/\/veronika-broscheid.com\/vita\/"]}]},{"@type":"ImageObject","inLanguage":"en-US","@id":"https:\/\/veronika-broscheid.com\/vita\/#primaryimage","url":"http:\/\/veronika-broscheid.com\/wp-content\/uploads\/2023\/11\/VBroscheid-205x300.jpg","contentUrl":"http:\/\/veronika-broscheid.com\/wp-content\/uploads\/2023\/11\/VBroscheid-205x300.jpg"},{"@type":"BreadcrumbList","@id":"https:\/\/veronika-broscheid.com\/vita\/#breadcrumb","itemListElement":[{"@type":"ListItem","position":1,"name":"Startseite","item":"https:\/\/veronika-broscheid.com\/"},{"@type":"ListItem","position":2,"name":"Vita"}]},{"@type":"WebSite","@id":"https:\/\/veronika-broscheid.com\/#website","url":"https:\/\/veronika-broscheid.com\/","name":"Veronika Broscheid","description":"","potentialAction":[{"@type":"SearchAction","target":{"@type":"EntryPoint","urlTemplate":"https:\/\/veronika-broscheid.com\/?s={search_term_string}"},"query-input":{"@type":"PropertyValueSpecification","valueRequired":true,"valueName":"search_term_string"}}],"inLanguage":"en-US"}]}},"_links":{"self":[{"href":"https:\/\/veronika-broscheid.com\/en_us\/wp-json\/wp\/v2\/pages\/93","targetHints":{"allow":["GET"]}}],"collection":[{"href":"https:\/\/veronika-broscheid.com\/en_us\/wp-json\/wp\/v2\/pages"}],"about":[{"href":"https:\/\/veronika-broscheid.com\/en_us\/wp-json\/wp\/v2\/types\/page"}],"author":[{"embeddable":true,"href":"https:\/\/veronika-broscheid.com\/en_us\/wp-json\/wp\/v2\/users\/1"}],"replies":[{"embeddable":true,"href":"https:\/\/veronika-broscheid.com\/en_us\/wp-json\/wp\/v2\/comments?post=93"}],"version-history":[{"count":9,"href":"https:\/\/veronika-broscheid.com\/en_us\/wp-json\/wp\/v2\/pages\/93\/revisions"}],"predecessor-version":[{"id":1097,"href":"https:\/\/veronika-broscheid.com\/en_us\/wp-json\/wp\/v2\/pages\/93\/revisions\/1097"}],"wp:attachment":[{"href":"https:\/\/veronika-broscheid.com\/en_us\/wp-json\/wp\/v2\/media?parent=93"}],"curies":[{"name":"wp","href":"https:\/\/api.w.org\/{rel}","templated":true}]}}