{"id":827,"date":"2024-05-29T14:51:58","date_gmt":"2024-05-29T12:51:58","guid":{"rendered":"https:\/\/veronika-broscheid.com\/agb\/"},"modified":"2024-05-31T10:56:56","modified_gmt":"2024-05-31T08:56:56","slug":"agb","status":"publish","type":"page","link":"https:\/\/veronika-broscheid.com\/en_us\/agb\/","title":{"rendered":"Terms &amp; Conditions"},"content":{"rendered":"<p>[et_pb_section fb_built=&#8220;1&#8243; _builder_version=&#8220;4.25.1&#8243; _module_preset=&#8220;default&#8220; hover_enabled=&#8220;0&#8243; global_colors_info=&#8220;{}&#8220; background_color=&#8220;#D9E5F4&#8243; sticky_enabled=&#8220;0&#8243;][et_pb_row _builder_version=&#8220;4.25.1&#8243; _module_preset=&#8220;default&#8220; global_colors_info=&#8220;{}&#8220;][et_pb_column type=&#8220;4_4&#8243; _builder_version=&#8220;4.25.1&#8243; _module_preset=&#8220;default&#8220; global_colors_info=&#8220;{}&#8220;][et_pb_text _builder_version=&#8220;4.25.1&#8243; _module_preset=&#8220;default&#8220; text_text_color=&#8220;#0A0909&#8243; global_colors_info=&#8220;{}&#8220;]<\/p>\n<p>Allgemeine Gesch\u00e4ftsbedingungen (AGB)<\/p>\n<p>1. Allgemeines<br \/>Mit der Bestellung akzeptiert der Auftraggeber diese allgemeinen Gesch\u00e4ftsbedingungen.<\/p>\n<p>[\/et_pb_text][et_pb_text _builder_version=&#8220;4.25.1&#8243; _module_preset=&#8220;default&#8220; text_text_color=&#8220;#0A0909&#8243; global_colors_info=&#8220;{}&#8220;]<\/p>\n<p>2. Zustandekommen des Vertrages<br \/>(1) Die Pr\u00e4sentation der Waren im Internet-Shop stellt kein bindendes Angebot des Anbieters auf Abschluss eines Kaufvertrages dar. Der Kunde wird hierdurch lediglich aufgefordert, durch eine Bestellung ein Angebot abzugeben.<br \/>(2) Durch das Absenden der Bestellung im Internet-Shop gibt der Kunde ein verbindliches Angebot gerichtet auf den Abschluss eines Kaufvertrages \u00fcber die im Warenkorb enthaltenen Waren ab. Mit dem Absenden der Bestellung erkennt der Kunde auch diese Gesch\u00e4ftsbedingungen als f\u00fcr das Rechtsverh\u00e4ltnis mit dem Anbieter allein ma\u00dfgeblich an.<\/p>\n<p>[\/et_pb_text][et_pb_text _builder_version=&#8220;4.25.1&#8243; _module_preset=&#8220;default&#8220; text_text_color=&#8220;#0A0909&#8243; global_colors_info=&#8220;{}&#8220;]<\/p>\n<ol start=\"3\">\n<li>Eigentumsvorbehalt<br \/>Die Ware bleibt bis zur vollst\u00e4ndigen Bezahlung mein Eigentum.<\/li>\n<\/ol>\n<p>[\/et_pb_text][et_pb_text _builder_version=&#8220;4.25.1&#8243; _module_preset=&#8220;default&#8220; text_text_color=&#8220;#0A0909&#8243; global_colors_info=&#8220;{}&#8220;]<\/p>\n<ol start=\"4\">\n<li>Versand<\/li>\n<\/ol>\n<p>Wann erhalte ich meine Bestellung?<\/p>\n<p>Ich arbeite mit einem Print-on-Demand-Dropshipper zusammen. Dieser verf\u00fcgt \u00fcber Standorte auf der ganzen Welt. Je nachdem, wo du bist, werden die Bestellungen von der Einrichtung abgewickelt und versandt, die dies am effizientesten durchf\u00fchren kann.<\/p>\n<p>Die voraussichtliche Lieferzeit h\u00e4ngt von deinem Standort ab und betr\u00e4gt innerhalb von Deutschland sch\u00e4tzungsweise 6 \u2013 9 Werktage.<\/p>\n<p>[\/et_pb_text][et_pb_text _builder_version=&#8220;4.25.1&#8243; _module_preset=&#8220;default&#8220; text_text_color=&#8220;#0A0909&#8243; global_colors_info=&#8220;{}&#8220;]<\/p>\n<p>Meine Bestellung sollte l\u00e4ngst hier sein, aber ich habe sie immer noch nicht. Was soll ich tun?<\/p>\n<p>Bevor du dich mit mir in Verbindung setzt, hilf mir bitte wie folgt:<\/p>\n<ul>\n<li>\u00dcberpr\u00fcfe die Versandbest\u00e4tigungsmail auf Fehler in der Lieferadresse<\/li>\n<li>Frage beim \u00f6rtlichen Postamt, ob das Paket vorliegt.<\/li>\n<li>Erkundige dich bei deinen Nachbarn, ob der Kurier das Paket bei ihnen abgegeben hat.<\/li>\n<\/ul>\n<p>Wenn die Lieferadresse korrekt war und das Paket nicht beim Postamt oder deinem Nachbarn abgegeben wurde, setze dich mit uns unter <a href=\"mailto:vbroscheid@gmail.com\">vbroscheid@gmail.com<\/a> mit Angabe deiner Bestellnummer in Verbindung.<\/p>\n<p>Wenn du einen Fehler in deiner Lieferadresse gefunden hast, kann ich dir eine Ersatzbestellung schicken, der Versand erfolgt jedoch auf eigene Kosten.<\/p>\n<p>[\/et_pb_text][et_pb_text _builder_version=&#8220;4.25.1&#8243; _module_preset=&#8220;default&#8220; text_text_color=&#8220;#0A0909&#8243; global_colors_info=&#8220;{}&#8220;]<\/p>\n<p>Wie kann ich meine Bestellung verfolgen?<\/p>\n<p>Du erh\u00e4ltst einen Tracking-Link per E-Mail, wenn deine Bestellung verschickt wird. Wenn du Fragen zur Sendungsverfolgung oder deiner Sendung hast, schreibe mir eine E-Mail an vbroscheid@gmail.com.<\/p>\n<p>Ich habe ein falsches\/besch\u00e4digtes Produkt erhalten, was soll ich tun?<\/p>\n<p>Es tut mir sehr leid, wenn das von dir bestellte Produkt besch\u00e4digt angekommen ist. Um mir zu helfen, dies schnell zu beheben, sende mir bitte innerhalb einer Woche eine E\u2011Mail mit Fotos des besch\u00e4digten Produkts, die Bestellnummer und allen anderen Details, die du zu deiner Bestellung hast an vbroscheid@gmail.com. Ich werde dir so schnell wie m\u00f6glich eine L\u00f6sung vorschlagen.<\/p>\n<p>[\/et_pb_text][et_pb_text _builder_version=&#8220;4.25.1&#8243; _module_preset=&#8220;default&#8220; text_text_color=&#8220;#0A0909&#8243; global_colors_info=&#8220;{}&#8220;]<\/p>\n<p>5. R\u00fcckgaberecht<\/p>\n<p>Welche R\u00fcckgaberichtlinien gelten?<\/p>\n<p>Sollte mit deiner Bestellung etwas nicht in Ordnung sein, kannst du sie innerhalb von 14 Tagen zur\u00fcckgeben. Bitte lasse mich wissen, wenn etwas mit der Bestellung nicht in Ordnung ist oder du unzufrieden bist, indem du mich unter <a href=\"mailto:vbroscheid@gmail.com\">vbroscheid@gmail.com<\/a> kontaktierst.<\/p>\n<p>Bietet ihr R\u00fcckerstattungen an?<\/p>\n<p>R\u00fcckerstattungen werden nur Kunden angeboten, die falsche oder besch\u00e4digte Artikel erhalten. Sollte einer dieser Punkte zutreffen, kontaktiere micht unter <a href=\"mailto:vbroscheid@gmail.com\">vbroscheid@gmail.com<\/a> mit Fotos der falschen\/besch\u00e4digten Artikel und wir werden uns darum k\u00fcmmern. <\/p>\n<p>[\/et_pb_text][et_pb_text _builder_version=&#8220;4.25.1&#8243; _module_preset=&#8220;default&#8220; text_text_color=&#8220;#0A0909&#8243; global_colors_info=&#8220;{}&#8220;]<\/p>\n<p>6. Haftungsausschluss<\/p>\n<p>Es besteht grunds\u00e4tzlich Haftungsausschluss nur, wenn durch die Produkte evtl. Schaden an weiteren Gegenst\u00e4nden entsteht.<\/p>\n<p>[\/et_pb_text][et_pb_text _builder_version=&#8220;4.25.1&#8243; _module_preset=&#8220;default&#8220; text_text_color=&#8220;#0A0909&#8243; global_colors_info=&#8220;{}&#8220;]<\/p>\n<p>7. Gerichtsstand<\/p>\n<p>Der Gerichtsstand f\u00fcr s\u00e4mtliche Rechtsstreitigkeiten aus dem Vertragsverh\u00e4ltnis ist Gesch\u00e4ftssitz des Verk\u00e4ufers, soweit der K\u00e4ufer als Unternehmer anzusehen ist.<\/p>\n<p>[\/et_pb_text][\/et_pb_column][\/et_pb_row][\/et_pb_section]<\/p>\n","protected":false},"excerpt":{"rendered":"<p>Allgemeine Gesch\u00e4ftsbedingungen (AGB) 1. AllgemeinesMit der Bestellung akzeptiert der Auftraggeber diese allgemeinen Gesch\u00e4ftsbedingungen.2. Zustandekommen des Vertrages(1) Die Pr\u00e4sentation der Waren im Internet-Shop stellt kein bindendes Angebot des Anbieters auf Abschluss eines Kaufvertrages dar. Der Kunde wird hierdurch lediglich aufgefordert, durch eine Bestellung ein Angebot abzugeben.(2) Durch das Absenden der Bestellung im Internet-Shop gibt der Kunde [&hellip;]<\/p>\n","protected":false},"author":1,"featured_media":0,"parent":0,"menu_order":0,"comment_status":"closed","ping_status":"closed","template":"","meta":{"_et_pb_use_builder":"on","_et_pb_old_content":"","_et_gb_content_width":"","footnotes":""},"class_list":["post-827","page","type-page","status-publish","hentry"],"yoast_head":"<!-- This site is optimized with the Yoast SEO plugin v27.2 - https:\/\/yoast.com\/product\/yoast-seo-wordpress\/ -->\n<title>AGB - Veronika Broscheid<\/title>\n<meta name=\"robots\" content=\"index, follow, max-snippet:-1, max-image-preview:large, max-video-preview:-1\" \/>\n<link rel=\"canonical\" href=\"https:\/\/veronika-broscheid.com\/en_us\/agb\/\" \/>\n<meta property=\"og:locale\" content=\"en_US\" \/>\n<meta property=\"og:type\" content=\"article\" \/>\n<meta property=\"og:title\" content=\"AGB - Veronika Broscheid\" \/>\n<meta property=\"og:description\" content=\"Allgemeine Gesch\u00e4ftsbedingungen (AGB) 1. AllgemeinesMit der Bestellung akzeptiert der Auftraggeber diese allgemeinen Gesch\u00e4ftsbedingungen.2. Zustandekommen des Vertrages(1) Die Pr\u00e4sentation der Waren im Internet-Shop stellt kein bindendes Angebot des Anbieters auf Abschluss eines Kaufvertrages dar. Der Kunde wird hierdurch lediglich aufgefordert, durch eine Bestellung ein Angebot abzugeben.(2) Durch das Absenden der Bestellung im Internet-Shop gibt der Kunde [&hellip;]\" \/>\n<meta property=\"og:url\" content=\"https:\/\/veronika-broscheid.com\/en_us\/agb\/\" \/>\n<meta property=\"og:site_name\" content=\"Veronika Broscheid\" \/>\n<meta property=\"article:modified_time\" content=\"2024-05-31T08:56:56+00:00\" \/>\n<meta name=\"twitter:card\" content=\"summary_large_image\" \/>\n<meta name=\"twitter:label1\" content=\"Est. reading time\" \/>\n\t<meta name=\"twitter:data1\" content=\"4 minutes\" \/>\n<script type=\"application\/ld+json\" class=\"yoast-schema-graph\">{\"@context\":\"https:\/\/schema.org\",\"@graph\":[{\"@type\":\"WebPage\",\"@id\":\"https:\/\/veronika-broscheid.com\/agb\/\",\"url\":\"https:\/\/veronika-broscheid.com\/agb\/\",\"name\":\"AGB - Veronika Broscheid\",\"isPartOf\":{\"@id\":\"https:\/\/veronika-broscheid.com\/#website\"},\"datePublished\":\"2024-05-29T12:51:58+00:00\",\"dateModified\":\"2024-05-31T08:56:56+00:00\",\"breadcrumb\":{\"@id\":\"https:\/\/veronika-broscheid.com\/agb\/#breadcrumb\"},\"inLanguage\":\"en-US\",\"potentialAction\":[{\"@type\":\"ReadAction\",\"target\":[\"https:\/\/veronika-broscheid.com\/agb\/\"]}]},{\"@type\":\"BreadcrumbList\",\"@id\":\"https:\/\/veronika-broscheid.com\/agb\/#breadcrumb\",\"itemListElement\":[{\"@type\":\"ListItem\",\"position\":1,\"name\":\"Startseite\",\"item\":\"https:\/\/veronika-broscheid.com\/\"},{\"@type\":\"ListItem\",\"position\":2,\"name\":\"AGB\"}]},{\"@type\":\"WebSite\",\"@id\":\"https:\/\/veronika-broscheid.com\/#website\",\"url\":\"https:\/\/veronika-broscheid.com\/\",\"name\":\"Veronika Broscheid\",\"description\":\"\",\"potentialAction\":[{\"@type\":\"SearchAction\",\"target\":{\"@type\":\"EntryPoint\",\"urlTemplate\":\"https:\/\/veronika-broscheid.com\/?s={search_term_string}\"},\"query-input\":{\"@type\":\"PropertyValueSpecification\",\"valueRequired\":true,\"valueName\":\"search_term_string\"}}],\"inLanguage\":\"en-US\"}]}<\/script>\n<!-- \/ Yoast SEO plugin. -->","yoast_head_json":{"title":"AGB - Veronika Broscheid","robots":{"index":"index","follow":"follow","max-snippet":"max-snippet:-1","max-image-preview":"max-image-preview:large","max-video-preview":"max-video-preview:-1"},"canonical":"https:\/\/veronika-broscheid.com\/en_us\/agb\/","og_locale":"en_US","og_type":"article","og_title":"AGB - Veronika Broscheid","og_description":"Allgemeine Gesch\u00e4ftsbedingungen (AGB) 1. AllgemeinesMit der Bestellung akzeptiert der Auftraggeber diese allgemeinen Gesch\u00e4ftsbedingungen.2. Zustandekommen des Vertrages(1) Die Pr\u00e4sentation der Waren im Internet-Shop stellt kein bindendes Angebot des Anbieters auf Abschluss eines Kaufvertrages dar. Der Kunde wird hierdurch lediglich aufgefordert, durch eine Bestellung ein Angebot abzugeben.(2) Durch das Absenden der Bestellung im Internet-Shop gibt der Kunde [&hellip;]","og_url":"https:\/\/veronika-broscheid.com\/en_us\/agb\/","og_site_name":"Veronika Broscheid","article_modified_time":"2024-05-31T08:56:56+00:00","twitter_card":"summary_large_image","twitter_misc":{"Est. reading time":"4 minutes"},"schema":{"@context":"https:\/\/schema.org","@graph":[{"@type":"WebPage","@id":"https:\/\/veronika-broscheid.com\/agb\/","url":"https:\/\/veronika-broscheid.com\/agb\/","name":"AGB - Veronika Broscheid","isPartOf":{"@id":"https:\/\/veronika-broscheid.com\/#website"},"datePublished":"2024-05-29T12:51:58+00:00","dateModified":"2024-05-31T08:56:56+00:00","breadcrumb":{"@id":"https:\/\/veronika-broscheid.com\/agb\/#breadcrumb"},"inLanguage":"en-US","potentialAction":[{"@type":"ReadAction","target":["https:\/\/veronika-broscheid.com\/agb\/"]}]},{"@type":"BreadcrumbList","@id":"https:\/\/veronika-broscheid.com\/agb\/#breadcrumb","itemListElement":[{"@type":"ListItem","position":1,"name":"Startseite","item":"https:\/\/veronika-broscheid.com\/"},{"@type":"ListItem","position":2,"name":"AGB"}]},{"@type":"WebSite","@id":"https:\/\/veronika-broscheid.com\/#website","url":"https:\/\/veronika-broscheid.com\/","name":"Veronika Broscheid","description":"","potentialAction":[{"@type":"SearchAction","target":{"@type":"EntryPoint","urlTemplate":"https:\/\/veronika-broscheid.com\/?s={search_term_string}"},"query-input":{"@type":"PropertyValueSpecification","valueRequired":true,"valueName":"search_term_string"}}],"inLanguage":"en-US"}]}},"_links":{"self":[{"href":"https:\/\/veronika-broscheid.com\/en_us\/wp-json\/wp\/v2\/pages\/827","targetHints":{"allow":["GET"]}}],"collection":[{"href":"https:\/\/veronika-broscheid.com\/en_us\/wp-json\/wp\/v2\/pages"}],"about":[{"href":"https:\/\/veronika-broscheid.com\/en_us\/wp-json\/wp\/v2\/types\/page"}],"author":[{"embeddable":true,"href":"https:\/\/veronika-broscheid.com\/en_us\/wp-json\/wp\/v2\/users\/1"}],"replies":[{"embeddable":true,"href":"https:\/\/veronika-broscheid.com\/en_us\/wp-json\/wp\/v2\/comments?post=827"}],"version-history":[{"count":4,"href":"https:\/\/veronika-broscheid.com\/en_us\/wp-json\/wp\/v2\/pages\/827\/revisions"}],"predecessor-version":[{"id":890,"href":"https:\/\/veronika-broscheid.com\/en_us\/wp-json\/wp\/v2\/pages\/827\/revisions\/890"}],"wp:attachment":[{"href":"https:\/\/veronika-broscheid.com\/en_us\/wp-json\/wp\/v2\/media?parent=827"}],"curies":[{"name":"wp","href":"https:\/\/api.w.org\/{rel}","templated":true}]}}