{"id":585,"date":"2023-12-13T11:42:37","date_gmt":"2023-12-13T10:42:37","guid":{"rendered":"https:\/\/veronika-broscheid.com\/?page_id=585"},"modified":"2026-02-21T16:10:23","modified_gmt":"2026-02-21T15:10:23","slug":"kurse","status":"publish","type":"page","link":"https:\/\/veronika-broscheid.com\/en_us\/kurse\/","title":{"rendered":"Workshops"},"content":{"rendered":"<p>[et_pb_section fb_built=&#8220;1&#8243; admin_label=&#8220;About&#8220; _builder_version=&#8220;4.23.1&#8243; _module_preset=&#8220;default&#8220; background_color=&#8220;#D9E5F4&#8243; global_colors_info=&#8220;{}&#8220;][et_pb_row _builder_version=&#8220;4.23.1&#8243; _module_preset=&#8220;default&#8220; global_colors_info=&#8220;{}&#8220;][et_pb_column type=&#8220;4_4&#8243; _builder_version=&#8220;4.23.1&#8243; _module_preset=&#8220;default&#8220; global_colors_info=&#8220;{}&#8220;][et_pb_text _builder_version=&#8220;4.27.4&#8243; _module_preset=&#8220;default&#8220; global_colors_info=&#8220;{}&#8220;]<\/p>\n<h1><strong>Kurse und Workshops<\/strong><\/h1>\n<p>[\/et_pb_text][\/et_pb_column][\/et_pb_row][et_pb_row _builder_version=&#8220;4.25.2&#8243; _module_preset=&#8220;default&#8220; transform_translate=&#8220;-4px|-25px&#8220; global_colors_info=&#8220;{}&#8220;][et_pb_column type=&#8220;4_4&#8243; _builder_version=&#8220;4.23.1&#8243; _module_preset=&#8220;default&#8220; global_colors_info=&#8220;{}&#8220;][et_pb_text _builder_version=&#8220;4.27.4&#8243; _module_preset=&#8220;default&#8220; global_colors_info=&#8220;{}&#8220;]<\/p>\n<h3>Von kreativen Angeboten f\u00fcr Klein- und Kindergartenkinder \u00fcber Trickfilm-Kurse f\u00fcr Kinder bis hin zu Urban Sketching-Workshops f\u00fcr Erwachsene biete ich vielf\u00e4ltige Kurse und Workshops f\u00fcr jede Altersgruppe in Kooperation mit verschiedenen Tr\u00e4gern an, wie beispielsweise der Kunstschule Monheim am Rhein und Katholisch in K\u00f6ln-Mitte.\u00a0<o:p><\/o:p><\/h3>\n<h3>Gerne gestalte ich auch individuelle Kursprogramme f\u00fcr Gruppen oder Einzelpersonen gem\u00e4\u00df euren W\u00fcnschen und Vorstellungen, die bei Bedarf in meinem Atelier in K\u00f6ln Dellbr\u00fcck durchgef\u00fchrt werden k\u00f6nnen. Bitte <span style=\"text-decoration: underline;\"><a href=\"https:\/\/veronika-broscheid.com\/kontakt\/\">kontaktiert mich<\/a><\/span> f\u00fcr n\u00e4here Infos.<\/h3>\n<h3>Bei Interesse an und Fragen zu meinem Kursangebot freue ich mich auf eine <span style=\"color: black;\"><span style=\"text-decoration: underline;\"><a href=\"https:\/\/veronika-broscheid.com\/kontakt\/\">Nachricht<\/a><\/span>!<\/span><o:p><\/o:p><\/h3>\n<p>[\/et_pb_text][et_pb_text _builder_version=&#8220;4.27.5&#8243; _module_preset=&#8220;default&#8220; hover_enabled=&#8220;0&#8243; global_colors_info=&#8220;{}&#8220; sticky_enabled=&#8220;0&#8243;]<\/p>\n<h3 id=\"h_74609212621771685192507\"><strong>Urban Sketching-Workshop am 25. April 2026<\/strong><\/h3>\n<h3>Am Samstag, den 25. April, ist es wieder so weit:<\/h3>\n<h3>Von 13.00-16.00 Uhr sind wir im K\u00f6lner Stadtgarten rund um die Kirche Neu St. Alban mit dem Skizzenbuch unterwegs. Zeichenbegeisterte aller Niveaus sind herzlich eingeladen mitzumachen!<\/h3>\n<h3><a href=\"https:\/\/www.jesaja.org\/event\/urban-sketching-schnupperkurs-2026\" target=\"_blank\" rel=\"noopener\" title=\"Anmeldung\">Hier geht es zur <span style=\"text-decoration: underline;\">Anmeldung.<\/span><\/a><\/h3>\n<h3><span>Bei Fragen zu dem Kurs k\u00f6nnt ihr mir gerne eine <a href=\"http:\/\/www.veronika-broscheid.com\/kontakt\" title=\"Kontakt\">Nachricht senden<\/a>.<\/span><\/h3>\n<p>[\/et_pb_text][\/et_pb_column][\/et_pb_row][et_pb_row _builder_version=&#8220;4.23.1&#8243; _module_preset=&#8220;default&#8220; custom_margin=&#8220;-49px|auto||auto||&#8220; global_colors_info=&#8220;{}&#8220;][et_pb_column type=&#8220;4_4&#8243; _builder_version=&#8220;4.23.1&#8243; _module_preset=&#8220;default&#8220; global_colors_info=&#8220;{}&#8220;][et_pb_text _builder_version=&#8220;4.27.5&#8243; _module_preset=&#8220;default&#8220; link_option_url=&#8220;https:\/\/www.veronika-broscheid.com\/kontakt&#8220; hover_enabled=&#8220;0&#8243; global_colors_info=&#8220;{}&#8220; sticky_enabled=&#8220;0&#8243;]<\/p>\n<h3><strong>N\u00e4chster Workshop am 20. September 2025<\/strong><\/h3>\n<p>[\/et_pb_text][et_pb_text _builder_version=&#8220;4.27.5&#8243; _module_preset=&#8220;default&#8220; transform_translate=&#8220;0px|-24px&#8220; hover_enabled=&#8220;0&#8243; global_colors_info=&#8220;{}&#8220; sticky_enabled=&#8220;0&#8243;]<\/p>\n<div class=\"et_pb_module et_pb_text et_pb_text_1 et_clickable  et_pb_text_align_left et_pb_bg_layout_light\">\n<div class=\"et_pb_text_inner\">\n<h3>Am 20. September sind wir rund um St. Aposteln in der K\u00f6lner Innenstadt wieder mit dem Skizzenbuch unterwegs. Der Workshop richtet sich an Zeichenbegeisterte jeder Stufe.<\/h3>\n<\/div>\n<\/div>\n<div class=\"et_pb_module et_pb_text et_pb_text_2 et_clickable  et_pb_text_align_left et_pb_bg_layout_light\">\n<div class=\"et_pb_text_inner\">\n<h3><span><a href=\"https:\/\/www.jesaja.org\/event\/urban-sketching-schnupperkurs-2025-1\" title=\"Hier geht es zur Anmeldung.\"><span style=\"text-decoration: underline;\">Hier geht es zur Anmeldung<\/span>.<\/a><\/span><\/h3>\n<h3>Habt ihr Fragen zu Material, Inhalt des Workshops o. \u00c4.? Dann schickt mir gerne eine<span>\u00a0<\/span><span style=\"text-decoration: underline;\"><a href=\"https:\/\/veronika-broscheid.com\/kontakt\/\" title=\"Nachricht\">Nachricht<\/a><\/span>.<\/h3>\n<\/div>\n<\/div>\n<p>[\/et_pb_text][et_pb_image src=&#8220;https:\/\/veronika-broscheid.com\/wp-content\/uploads\/2025\/08\/USK_Sep2025-scaled.jpg&#8220; title_text=&#8220;USK_Sep2025&#8243; _builder_version=&#8220;4.27.4&#8243; _module_preset=&#8220;default&#8220; transform_scale=&#8220;60%|60%&#8220; transform_translate=&#8220;-247px|-378px&#8220; module_alignment=&#8220;left&#8220; global_colors_info=&#8220;{}&#8220;][\/et_pb_image][\/et_pb_column][\/et_pb_row][et_pb_row _builder_version=&#8220;4.23.1&#8243; _module_preset=&#8220;default&#8220; custom_margin=&#8220;-49px|auto||auto||&#8220; global_colors_info=&#8220;{}&#8220;][et_pb_column type=&#8220;4_4&#8243; _builder_version=&#8220;4.23.1&#8243; _module_preset=&#8220;default&#8220; global_colors_info=&#8220;{}&#8220;][et_pb_text _builder_version=&#8220;4.27.4&#8243; _module_preset=&#8220;default&#8220; link_option_url=&#8220;https:\/\/www.veronika-broscheid.com\/kontakt&#8220; global_colors_info=&#8220;{}&#8220;]<\/p>\n<h3><strong>Impressionen aus vorherigen Workshops<\/strong><\/h3>\n<p>[\/et_pb_text][et_pb_text _builder_version=&#8220;4.27.0&#8243; _module_preset=&#8220;default&#8220; transform_translate=&#8220;0px|-24px&#8220; global_colors_info=&#8220;{}&#8220;]<\/p>\n<h3>Bei den Urban Sketching-Workshops im M\u00e4rz und August 2024 haben die Teilnehmer*innen die Kirche St. Aposteln in der K\u00f6lner Innenstadt sowie das rege Treiben rund um die Kirche herum mit Bleistift und Aquarell zu Papier gebracht. Von den Ergebnisse dieser kreativen Nachmittage waren wir alle begeistert!<\/h3>\n<p>[\/et_pb_text][\/et_pb_column][\/et_pb_row][et_pb_row column_structure=&#8220;1_4,1_4,1_4,1_4&#8243; _builder_version=&#8220;4.24.2&#8243; _module_preset=&#8220;default&#8220; global_colors_info=&#8220;{}&#8220;][et_pb_column type=&#8220;1_4&#8243; _builder_version=&#8220;4.24.2&#8243; _module_preset=&#8220;default&#8220; global_colors_info=&#8220;{}&#8220;][et_pb_image src=&#8220;http:\/\/veronika-broscheid.com\/wp-content\/uploads\/2024\/03\/USK_1-scaled.jpg&#8220; alt=&#8220;St. Aposteln in K\u00f6ln&#8220; title_text=&#8220;USK_1&#8243; _builder_version=&#8220;4.24.2&#8243; _module_preset=&#8220;default&#8220; global_colors_info=&#8220;{}&#8220;][\/et_pb_image][\/et_pb_column][et_pb_column type=&#8220;1_4&#8243; _builder_version=&#8220;4.24.2&#8243; _module_preset=&#8220;default&#8220; global_colors_info=&#8220;{}&#8220;][et_pb_image src=&#8220;http:\/\/veronika-broscheid.com\/wp-content\/uploads\/2024\/03\/USK_4-scaled.jpg&#8220; alt=&#8220;St. Aposteln&#8220; title_text=&#8220;USK_4&#8243; _builder_version=&#8220;4.24.2&#8243; _module_preset=&#8220;default&#8220; global_colors_info=&#8220;{}&#8220;][\/et_pb_image][\/et_pb_column][et_pb_column type=&#8220;1_4&#8243; _builder_version=&#8220;4.24.2&#8243; _module_preset=&#8220;default&#8220; global_colors_info=&#8220;{}&#8220;][et_pb_image src=&#8220;http:\/\/veronika-broscheid.com\/wp-content\/uploads\/2024\/03\/USK_2-scaled.jpg&#8220; alt=&#8220;St. Aposteln als Aquarellskizze&#8220; title_text=&#8220;USK_2&#8243; _builder_version=&#8220;4.24.2&#8243; _module_preset=&#8220;default&#8220; global_colors_info=&#8220;{}&#8220;][\/et_pb_image][\/et_pb_column][et_pb_column type=&#8220;1_4&#8243; _builder_version=&#8220;4.24.2&#8243; _module_preset=&#8220;default&#8220; global_colors_info=&#8220;{}&#8220;][et_pb_image src=&#8220;http:\/\/veronika-broscheid.com\/wp-content\/uploads\/2024\/03\/USK_3-scaled.jpg&#8220; alt=&#8220;St. Aposteln&#8220; title_text=&#8220;USK_3&#8243; _builder_version=&#8220;4.24.2&#8243; _module_preset=&#8220;default&#8220; global_colors_info=&#8220;{}&#8220;][\/et_pb_image][\/et_pb_column][\/et_pb_row][et_pb_row column_structure=&#8220;1_3,1_3,1_3&#8243; _builder_version=&#8220;4.27.0&#8243; _module_preset=&#8220;default&#8220; global_colors_info=&#8220;{}&#8220;][et_pb_column type=&#8220;1_3&#8243; _builder_version=&#8220;4.24.2&#8243; _module_preset=&#8220;default&#8220; global_colors_info=&#8220;{}&#8220;][et_pb_image src=&#8220;https:\/\/veronika-broscheid.com\/wp-content\/uploads\/2024\/08\/USK_3_Aug_24.jpeg&#8220; alt=&#8220;Urban Sketching Workshop in K\u00f6ln&#8220; title_text=&#8220;USK_3_Aug_24&#8243; _builder_version=&#8220;4.27.0&#8243; _module_preset=&#8220;default&#8220; transform_scale=&#8220;82%|82%&#8220; transform_translate=&#8220;0px|-62px&#8220; global_colors_info=&#8220;{}&#8220;][\/et_pb_image][\/et_pb_column][et_pb_column type=&#8220;1_3&#8243; _builder_version=&#8220;4.24.2&#8243; _module_preset=&#8220;default&#8220; global_colors_info=&#8220;{}&#8220;][et_pb_image src=&#8220;https:\/\/veronika-broscheid.com\/wp-content\/uploads\/2024\/08\/USK_2_Aug_24.jpeg&#8220; alt=&#8220;Urban Sketching Workshop in K\u00f6ln&#8220; title_text=&#8220;USK_2_Aug_24&#8243; _builder_version=&#8220;4.27.0&#8243; _module_preset=&#8220;default&#8220; global_colors_info=&#8220;{}&#8220;][\/et_pb_image][\/et_pb_column][et_pb_column type=&#8220;1_3&#8243; _builder_version=&#8220;4.24.2&#8243; _module_preset=&#8220;default&#8220; global_colors_info=&#8220;{}&#8220;][et_pb_image src=&#8220;https:\/\/veronika-broscheid.com\/wp-content\/uploads\/2024\/08\/USK_1_Aug24.jpeg&#8220; alt=&#8220;Urban Sketching Workshop in K\u00f6ln&#8220; title_text=&#8220;USK_1_Aug24&#8243; _builder_version=&#8220;4.27.0&#8243; _module_preset=&#8220;default&#8220; global_colors_info=&#8220;{}&#8220;][\/et_pb_image][\/et_pb_column][\/et_pb_row][\/et_pb_section]<\/p>\n","protected":false},"excerpt":{"rendered":"<p>Kurse und WorkshopsVon kreativen Angeboten f\u00fcr Klein- und Kindergartenkinder \u00fcber Trickfilm-Kurse f\u00fcr Kinder bis hin zu Urban Sketching-Workshops f\u00fcr Erwachsene biete ich vielf\u00e4ltige Kurse und Workshops f\u00fcr jede Altersgruppe in Kooperation mit verschiedenen Tr\u00e4gern an, wie beispielsweise der Kunstschule Monheim am Rhein und Katholisch in K\u00f6ln-Mitte.\u00a0 Gerne gestalte ich auch individuelle Kursprogramme f\u00fcr Gruppen oder [&hellip;]<\/p>\n","protected":false},"author":1,"featured_media":0,"parent":0,"menu_order":0,"comment_status":"closed","ping_status":"closed","template":"","meta":{"_et_pb_use_builder":"on","_et_pb_old_content":"","_et_gb_content_width":"","footnotes":""},"class_list":["post-585","page","type-page","status-publish","hentry"],"yoast_head":"<!-- This site is optimized with the Yoast SEO plugin v27.2 - https:\/\/yoast.com\/product\/yoast-seo-wordpress\/ -->\n<title>Kurse - Veronika Broscheid<\/title>\n<meta name=\"robots\" content=\"index, follow, max-snippet:-1, max-image-preview:large, max-video-preview:-1\" \/>\n<link rel=\"canonical\" href=\"https:\/\/veronika-broscheid.com\/en_us\/kurse\/\" \/>\n<meta property=\"og:locale\" content=\"en_US\" \/>\n<meta property=\"og:type\" content=\"article\" \/>\n<meta property=\"og:title\" content=\"Kurse - Veronika Broscheid\" \/>\n<meta property=\"og:description\" content=\"Kurse und WorkshopsVon kreativen Angeboten f\u00fcr Klein- und Kindergartenkinder \u00fcber Trickfilm-Kurse f\u00fcr Kinder bis hin zu Urban Sketching-Workshops f\u00fcr Erwachsene biete ich vielf\u00e4ltige Kurse und Workshops f\u00fcr jede Altersgruppe in Kooperation mit verschiedenen Tr\u00e4gern an, wie beispielsweise der Kunstschule Monheim am Rhein und Katholisch in K\u00f6ln-Mitte.\u00a0 Gerne gestalte ich auch individuelle Kursprogramme f\u00fcr Gruppen oder [&hellip;]\" \/>\n<meta property=\"og:url\" content=\"https:\/\/veronika-broscheid.com\/en_us\/kurse\/\" \/>\n<meta property=\"og:site_name\" content=\"Veronika Broscheid\" \/>\n<meta property=\"article:modified_time\" content=\"2026-02-21T15:10:23+00:00\" \/>\n<meta name=\"twitter:card\" content=\"summary_large_image\" \/>\n<meta name=\"twitter:label1\" content=\"Est. reading time\" \/>\n\t<meta name=\"twitter:data1\" content=\"5 minutes\" \/>\n<script type=\"application\/ld+json\" class=\"yoast-schema-graph\">{\"@context\":\"https:\/\/schema.org\",\"@graph\":[{\"@type\":\"WebPage\",\"@id\":\"https:\/\/veronika-broscheid.com\/kurse\/\",\"url\":\"https:\/\/veronika-broscheid.com\/kurse\/\",\"name\":\"Kurse - Veronika Broscheid\",\"isPartOf\":{\"@id\":\"https:\/\/veronika-broscheid.com\/#website\"},\"datePublished\":\"2023-12-13T10:42:37+00:00\",\"dateModified\":\"2026-02-21T15:10:23+00:00\",\"breadcrumb\":{\"@id\":\"https:\/\/veronika-broscheid.com\/kurse\/#breadcrumb\"},\"inLanguage\":\"en-US\",\"potentialAction\":[{\"@type\":\"ReadAction\",\"target\":[\"https:\/\/veronika-broscheid.com\/kurse\/\"]}]},{\"@type\":\"BreadcrumbList\",\"@id\":\"https:\/\/veronika-broscheid.com\/kurse\/#breadcrumb\",\"itemListElement\":[{\"@type\":\"ListItem\",\"position\":1,\"name\":\"Startseite\",\"item\":\"https:\/\/veronika-broscheid.com\/\"},{\"@type\":\"ListItem\",\"position\":2,\"name\":\"Kurse\"}]},{\"@type\":\"WebSite\",\"@id\":\"https:\/\/veronika-broscheid.com\/#website\",\"url\":\"https:\/\/veronika-broscheid.com\/\",\"name\":\"Veronika Broscheid\",\"description\":\"\",\"potentialAction\":[{\"@type\":\"SearchAction\",\"target\":{\"@type\":\"EntryPoint\",\"urlTemplate\":\"https:\/\/veronika-broscheid.com\/?s={search_term_string}\"},\"query-input\":{\"@type\":\"PropertyValueSpecification\",\"valueRequired\":true,\"valueName\":\"search_term_string\"}}],\"inLanguage\":\"en-US\"}]}<\/script>\n<!-- \/ Yoast SEO plugin. -->","yoast_head_json":{"title":"Kurse - Veronika Broscheid","robots":{"index":"index","follow":"follow","max-snippet":"max-snippet:-1","max-image-preview":"max-image-preview:large","max-video-preview":"max-video-preview:-1"},"canonical":"https:\/\/veronika-broscheid.com\/en_us\/kurse\/","og_locale":"en_US","og_type":"article","og_title":"Kurse - Veronika Broscheid","og_description":"Kurse und WorkshopsVon kreativen Angeboten f\u00fcr Klein- und Kindergartenkinder \u00fcber Trickfilm-Kurse f\u00fcr Kinder bis hin zu Urban Sketching-Workshops f\u00fcr Erwachsene biete ich vielf\u00e4ltige Kurse und Workshops f\u00fcr jede Altersgruppe in Kooperation mit verschiedenen Tr\u00e4gern an, wie beispielsweise der Kunstschule Monheim am Rhein und Katholisch in K\u00f6ln-Mitte.\u00a0 Gerne gestalte ich auch individuelle Kursprogramme f\u00fcr Gruppen oder [&hellip;]","og_url":"https:\/\/veronika-broscheid.com\/en_us\/kurse\/","og_site_name":"Veronika Broscheid","article_modified_time":"2026-02-21T15:10:23+00:00","twitter_card":"summary_large_image","twitter_misc":{"Est. reading time":"5 minutes"},"schema":{"@context":"https:\/\/schema.org","@graph":[{"@type":"WebPage","@id":"https:\/\/veronika-broscheid.com\/kurse\/","url":"https:\/\/veronika-broscheid.com\/kurse\/","name":"Kurse - Veronika Broscheid","isPartOf":{"@id":"https:\/\/veronika-broscheid.com\/#website"},"datePublished":"2023-12-13T10:42:37+00:00","dateModified":"2026-02-21T15:10:23+00:00","breadcrumb":{"@id":"https:\/\/veronika-broscheid.com\/kurse\/#breadcrumb"},"inLanguage":"en-US","potentialAction":[{"@type":"ReadAction","target":["https:\/\/veronika-broscheid.com\/kurse\/"]}]},{"@type":"BreadcrumbList","@id":"https:\/\/veronika-broscheid.com\/kurse\/#breadcrumb","itemListElement":[{"@type":"ListItem","position":1,"name":"Startseite","item":"https:\/\/veronika-broscheid.com\/"},{"@type":"ListItem","position":2,"name":"Kurse"}]},{"@type":"WebSite","@id":"https:\/\/veronika-broscheid.com\/#website","url":"https:\/\/veronika-broscheid.com\/","name":"Veronika Broscheid","description":"","potentialAction":[{"@type":"SearchAction","target":{"@type":"EntryPoint","urlTemplate":"https:\/\/veronika-broscheid.com\/?s={search_term_string}"},"query-input":{"@type":"PropertyValueSpecification","valueRequired":true,"valueName":"search_term_string"}}],"inLanguage":"en-US"}]}},"_links":{"self":[{"href":"https:\/\/veronika-broscheid.com\/en_us\/wp-json\/wp\/v2\/pages\/585","targetHints":{"allow":["GET"]}}],"collection":[{"href":"https:\/\/veronika-broscheid.com\/en_us\/wp-json\/wp\/v2\/pages"}],"about":[{"href":"https:\/\/veronika-broscheid.com\/en_us\/wp-json\/wp\/v2\/types\/page"}],"author":[{"embeddable":true,"href":"https:\/\/veronika-broscheid.com\/en_us\/wp-json\/wp\/v2\/users\/1"}],"replies":[{"embeddable":true,"href":"https:\/\/veronika-broscheid.com\/en_us\/wp-json\/wp\/v2\/comments?post=585"}],"version-history":[{"count":9,"href":"https:\/\/veronika-broscheid.com\/en_us\/wp-json\/wp\/v2\/pages\/585\/revisions"}],"predecessor-version":[{"id":1336,"href":"https:\/\/veronika-broscheid.com\/en_us\/wp-json\/wp\/v2\/pages\/585\/revisions\/1336"}],"wp:attachment":[{"href":"https:\/\/veronika-broscheid.com\/en_us\/wp-json\/wp\/v2\/media?parent=585"}],"curies":[{"name":"wp","href":"https:\/\/api.w.org\/{rel}","templated":true}]}}