{"id":262,"date":"2023-09-15T10:57:40","date_gmt":"2023-09-15T08:57:40","guid":{"rendered":"https:\/\/veronika-broscheid.com\/?page_id=262"},"modified":"2025-01-23T20:07:17","modified_gmt":"2025-01-23T19:07:17","slug":"impressum","status":"publish","type":"page","link":"https:\/\/veronika-broscheid.com\/en_us\/impressum\/","title":{"rendered":"Legal Notice"},"content":{"rendered":"<p>[et_pb_section fb_built=&#8220;1&#8243; _builder_version=&#8220;4.23.1&#8243; _module_preset=&#8220;default&#8220; background_color=&#8220;#D9E5F4&#8243; hover_enabled=&#8220;0&#8243; global_colors_info=&#8220;{}&#8220; sticky_enabled=&#8220;0&#8243;][et_pb_row _builder_version=&#8220;4.23.1&#8243; _module_preset=&#8220;default&#8220; min_height=&#8220;303px&#8220; global_colors_info=&#8220;{}&#8220;][et_pb_column type=&#8220;4_4&#8243; _builder_version=&#8220;4.22.1&#8243; _module_preset=&#8220;default&#8220; global_colors_info=&#8220;{}&#8220;][et_pb_heading title=&#8220;IMPRESSUM&#8220; _builder_version=&#8220;4.23.1&#8243; _module_preset=&#8220;default&#8220; transform_scale_tablet=&#8220;&#8220; transform_scale_phone=&#8220;&#8220; transform_scale_last_edited=&#8220;on|desktop&#8220; transform_translate=&#8220;-1px|19px&#8220; transform_translate_tablet=&#8220;-1px|19px&#8220; transform_translate_phone=&#8220;-1px|19px&#8220; transform_translate_last_edited=&#8220;on|phone&#8220; transform_rotate_tablet=&#8220;&#8220; transform_rotate_phone=&#8220;&#8220; transform_rotate_last_edited=&#8220;on|desktop&#8220; transform_skew_tablet=&#8220;&#8220; transform_skew_phone=&#8220;&#8220; transform_skew_last_edited=&#8220;on|desktop&#8220; transform_origin_tablet=&#8220;&#8220; transform_origin_phone=&#8220;&#8220; transform_origin_last_edited=&#8220;on|desktop&#8220; transform_styles_last_edited=&#8220;on|phone&#8220; custom_margin=&#8220;|||0px|false|false&#8220; custom_padding=&#8220;|||0px|false|false&#8220; transform_styles_tablet=&#8220;&#8220; transform_styles_phone=&#8220;&#8220; global_colors_info=&#8220;{}&#8220;][\/et_pb_heading][et_pb_text content_tablet=&#8220;<\/p>\n<h3>Veronika Broscheid<\/h3>\n<h3>Alte Schulstra\u00dfe 35<\/h3>\n<h3>40789 Monheim am Rhein<\/h3>\n<h3> <\/h3>\n<h3>Telefon: +49 163 388 1347<\/h3>\n<h3>E-Mail: vbroscheid@gmail.com<\/h3>\n<p>&#8220; content_phone=&#8220;<\/p>\n<h3>Veronika Broscheid<\/h3>\n<h3>Dellbr\u00fccker Hauptstra\u00dfe 129<\/h3>\n<h3>51069 K\u00f6ln<\/h3>\n<h3><\/h3>\n<h3>Telefon: +49 157 8840 2541<\/h3>\n<h3>E-Mail: vbroscheid@gmail.com<\/h3>\n<p>&#8220; content_last_edited=&#8220;on|desktop&#8220; _builder_version=&#8220;4.27.4&#8243; _module_preset=&#8220;default&#8220; text_font_size=&#8220;10px&#8220; custom_margin=&#8220;|||0px|false|false&#8220; custom_padding=&#8220;|||0px|false|false&#8220; hover_enabled=&#8220;0&#8243; header_font_tablet=&#8220;&#8220; header_font_phone=&#8220;&#8220; header_font_last_edited=&#8220;on|phone&#8220; global_colors_info=&#8220;{}&#8220; sticky_enabled=&#8220;0&#8243;]<\/p>\n<h3>Veronika Broscheid<\/h3>\n<h3>Dellbr\u00fccker Hauptstra\u00dfe 129<\/h3>\n<h3>51069 K\u00f6ln<\/h3>\n<h3><\/h3>\n<h3>Telefon: +49 163 388 1347<\/h3>\n<h3>E-Mail: vbroscheid@gmail.com<\/h3>\n<p>[\/et_pb_text][et_pb_text content_tablet=&#8220;<\/p>\n<h3><span style=%22text-decoration: underline;%22>Inhaltlich verantwortlich:<\/span><\/h3>\n<h3>Veronika Broscheid<\/h3>\n<p>&#8220; content_phone=&#8220;<\/p>\n<h3><span style=%22text-decoration: underline;%22>Inhaltlich verantwortlich:<\/span><\/h3>\n<h3>Veronika Broscheid<\/h3>\n<p>&#8220; content_last_edited=&#8220;on|desktop&#8220; _builder_version=&#8220;4.23.1&#8243; _module_preset=&#8220;default&#8220; custom_padding=&#8220;|||0px|false|false&#8220; global_colors_info=&#8220;{}&#8220;]<\/p>\n<h3><span style=\"text-decoration: underline;\">Inhaltlich verantwortlich:<\/span><\/h3>\n<h3>Veronika Broscheid<\/h3>\n<p>[\/et_pb_text][et_pb_text _builder_version=&#8220;4.16&#8243; _module_preset=&#8220;default&#8220; background_size=&#8220;initial&#8220; background_position=&#8220;top_left&#8220; background_repeat=&#8220;repeat&#8220; global_colors_info=&#8220;{}&#8220;]<\/p>\n<div class=\"woocommerce woocommerce-gzd woocommerce-gzd-complaints-shortcode\">\n\t\t\t<h3>Alternative Dispute Resolution in accordance with Art. 14 (1) ODR-VO and \u00a7 36 VSBG:<\/h3>\n\t\nZur Teilnahme an einem Streitbeilegungsverfahren vor einer Verbraucherschlichtungsstelle sind wir nicht verpflichtet und nicht bereit.<\/div>\n<p>[\/et_pb_text][\/et_pb_column][\/et_pb_row][\/et_pb_section]<\/p>\n","protected":false},"excerpt":{"rendered":"<p>Veronika Broscheid Dellbr\u00fccker Hauptstra\u00dfe 129 51069 K\u00f6ln Telefon: +49 163 388 1347 E-Mail: vbroscheid@gmail.comInhaltlich verantwortlich: Veronika Broscheid<div class=\"woocommerce woocommerce-gzd woocommerce-gzd-complaints-shortcode\">\n\t\t\t<h3>Alternative Dispute Resolution in accordance with Art. 14 (1) ODR-VO and \u00a7 36 VSBG:<\/h3>\n\t\nZur Teilnahme an einem Streitbeilegungsverfahren vor einer Verbraucherschlichtungsstelle sind wir nicht verpflichtet und nicht bereit.<\/div><\/p>","protected":false},"author":1,"featured_media":0,"parent":0,"menu_order":0,"comment_status":"closed","ping_status":"closed","template":"","meta":{"_et_pb_use_builder":"on","_et_pb_old_content":"","_et_gb_content_width":"","footnotes":""},"class_list":["post-262","page","type-page","status-publish","hentry"],"yoast_head":"<!-- This site is optimized with the Yoast SEO plugin v27.3 - https:\/\/yoast.com\/product\/yoast-seo-wordpress\/ -->\n<title>Impressum - Veronika Broscheid<\/title>\n<meta name=\"robots\" content=\"index, follow, max-snippet:-1, max-image-preview:large, max-video-preview:-1\" \/>\n<link rel=\"canonical\" href=\"https:\/\/veronika-broscheid.com\/en_us\/impressum\/\" \/>\n<meta property=\"og:locale\" content=\"en_US\" \/>\n<meta property=\"og:type\" content=\"article\" \/>\n<meta property=\"og:title\" content=\"Impressum - Veronika Broscheid\" \/>\n<meta property=\"og:description\" content=\"Veronika Broscheid Dellbr\u00fccker Hauptstra\u00dfe 129 51069 K\u00f6ln Telefon: +49 163 388 1347 E-Mail: vbroscheid@gmail.comInhaltlich verantwortlich: Veronika Broscheid\" \/>\n<meta property=\"og:url\" content=\"https:\/\/veronika-broscheid.com\/en_us\/impressum\/\" \/>\n<meta property=\"og:site_name\" content=\"Veronika Broscheid\" \/>\n<meta property=\"article:modified_time\" content=\"2025-01-23T19:07:17+00:00\" \/>\n<meta name=\"twitter:card\" content=\"summary_large_image\" \/>\n<script type=\"application\/ld+json\" class=\"yoast-schema-graph\">{\"@context\":\"https:\\\/\\\/schema.org\",\"@graph\":[{\"@type\":\"WebPage\",\"@id\":\"https:\\\/\\\/veronika-broscheid.com\\\/impressum\\\/\",\"url\":\"https:\\\/\\\/veronika-broscheid.com\\\/impressum\\\/\",\"name\":\"Impressum - Veronika Broscheid\",\"isPartOf\":{\"@id\":\"https:\\\/\\\/veronika-broscheid.com\\\/#website\"},\"datePublished\":\"2023-09-15T08:57:40+00:00\",\"dateModified\":\"2025-01-23T19:07:17+00:00\",\"breadcrumb\":{\"@id\":\"https:\\\/\\\/veronika-broscheid.com\\\/impressum\\\/#breadcrumb\"},\"inLanguage\":\"en-US\",\"potentialAction\":[{\"@type\":\"ReadAction\",\"target\":[\"https:\\\/\\\/veronika-broscheid.com\\\/impressum\\\/\"]}]},{\"@type\":\"BreadcrumbList\",\"@id\":\"https:\\\/\\\/veronika-broscheid.com\\\/impressum\\\/#breadcrumb\",\"itemListElement\":[{\"@type\":\"ListItem\",\"position\":1,\"name\":\"Startseite\",\"item\":\"https:\\\/\\\/veronika-broscheid.com\\\/\"},{\"@type\":\"ListItem\",\"position\":2,\"name\":\"Impressum\"}]},{\"@type\":\"WebSite\",\"@id\":\"https:\\\/\\\/veronika-broscheid.com\\\/#website\",\"url\":\"https:\\\/\\\/veronika-broscheid.com\\\/\",\"name\":\"Veronika Broscheid\",\"description\":\"\",\"potentialAction\":[{\"@type\":\"SearchAction\",\"target\":{\"@type\":\"EntryPoint\",\"urlTemplate\":\"https:\\\/\\\/veronika-broscheid.com\\\/?s={search_term_string}\"},\"query-input\":{\"@type\":\"PropertyValueSpecification\",\"valueRequired\":true,\"valueName\":\"search_term_string\"}}],\"inLanguage\":\"en-US\"}]}<\/script>\n<!-- \/ Yoast SEO plugin. -->","yoast_head_json":{"title":"Impressum - Veronika Broscheid","robots":{"index":"index","follow":"follow","max-snippet":"max-snippet:-1","max-image-preview":"max-image-preview:large","max-video-preview":"max-video-preview:-1"},"canonical":"https:\/\/veronika-broscheid.com\/en_us\/impressum\/","og_locale":"en_US","og_type":"article","og_title":"Impressum - Veronika Broscheid","og_description":"Veronika Broscheid Dellbr\u00fccker Hauptstra\u00dfe 129 51069 K\u00f6ln Telefon: +49 163 388 1347 E-Mail: vbroscheid@gmail.comInhaltlich verantwortlich: Veronika Broscheid","og_url":"https:\/\/veronika-broscheid.com\/en_us\/impressum\/","og_site_name":"Veronika Broscheid","article_modified_time":"2025-01-23T19:07:17+00:00","twitter_card":"summary_large_image","schema":{"@context":"https:\/\/schema.org","@graph":[{"@type":"WebPage","@id":"https:\/\/veronika-broscheid.com\/impressum\/","url":"https:\/\/veronika-broscheid.com\/impressum\/","name":"Impressum - Veronika Broscheid","isPartOf":{"@id":"https:\/\/veronika-broscheid.com\/#website"},"datePublished":"2023-09-15T08:57:40+00:00","dateModified":"2025-01-23T19:07:17+00:00","breadcrumb":{"@id":"https:\/\/veronika-broscheid.com\/impressum\/#breadcrumb"},"inLanguage":"en-US","potentialAction":[{"@type":"ReadAction","target":["https:\/\/veronika-broscheid.com\/impressum\/"]}]},{"@type":"BreadcrumbList","@id":"https:\/\/veronika-broscheid.com\/impressum\/#breadcrumb","itemListElement":[{"@type":"ListItem","position":1,"name":"Startseite","item":"https:\/\/veronika-broscheid.com\/"},{"@type":"ListItem","position":2,"name":"Impressum"}]},{"@type":"WebSite","@id":"https:\/\/veronika-broscheid.com\/#website","url":"https:\/\/veronika-broscheid.com\/","name":"Veronika Broscheid","description":"","potentialAction":[{"@type":"SearchAction","target":{"@type":"EntryPoint","urlTemplate":"https:\/\/veronika-broscheid.com\/?s={search_term_string}"},"query-input":{"@type":"PropertyValueSpecification","valueRequired":true,"valueName":"search_term_string"}}],"inLanguage":"en-US"}]}},"_links":{"self":[{"href":"https:\/\/veronika-broscheid.com\/en_us\/wp-json\/wp\/v2\/pages\/262","targetHints":{"allow":["GET"]}}],"collection":[{"href":"https:\/\/veronika-broscheid.com\/en_us\/wp-json\/wp\/v2\/pages"}],"about":[{"href":"https:\/\/veronika-broscheid.com\/en_us\/wp-json\/wp\/v2\/types\/page"}],"author":[{"embeddable":true,"href":"https:\/\/veronika-broscheid.com\/en_us\/wp-json\/wp\/v2\/users\/1"}],"replies":[{"embeddable":true,"href":"https:\/\/veronika-broscheid.com\/en_us\/wp-json\/wp\/v2\/comments?post=262"}],"version-history":[{"count":10,"href":"https:\/\/veronika-broscheid.com\/en_us\/wp-json\/wp\/v2\/pages\/262\/revisions"}],"predecessor-version":[{"id":1034,"href":"https:\/\/veronika-broscheid.com\/en_us\/wp-json\/wp\/v2\/pages\/262\/revisions\/1034"}],"wp:attachment":[{"href":"https:\/\/veronika-broscheid.com\/en_us\/wp-json\/wp\/v2\/media?parent=262"}],"curies":[{"name":"wp","href":"https:\/\/api.w.org\/{rel}","templated":true}]}}