{"id":1041,"date":"2025-03-05T17:21:12","date_gmt":"2025-03-05T16:21:12","guid":{"rendered":"https:\/\/veronika-broscheid.com\/?page_id=1041"},"modified":"2026-01-24T16:25:10","modified_gmt":"2026-01-24T15:25:10","slug":"voegel","status":"publish","type":"page","link":"https:\/\/veronika-broscheid.com\/en_us\/voegel\/","title":{"rendered":"Birds"},"content":{"rendered":"<p>[et_pb_section fb_built=&#8220;1&#8243; _builder_version=&#8220;4.23.1&#8243; background_color=&#8220;#D9E5F4&#8243; global_colors_info=&#8220;{}&#8220;][et_pb_row _builder_version=&#8220;4.23.1&#8243; _module_preset=&#8220;default&#8220; global_colors_info=&#8220;{}&#8220;][et_pb_column type=&#8220;4_4&#8243; _builder_version=&#8220;4.23.1&#8243; _module_preset=&#8220;default&#8220; global_colors_info=&#8220;{}&#8220;][et_pb_text _builder_version=&#8220;4.23.1&#8243; _module_preset=&#8220;default&#8220; transform_translate=&#8220;-12px|2px&#8220; global_colors_info=&#8220;{}&#8220;]<\/p>\n<h1 style=\"text-align: center;\"><strong>V\u00f6gel<\/strong><\/h1>\n<h4 style=\"text-align: center;\"><\/h4>\n<h4 style=\"text-align: center;\">Klicke auf ein Bild f\u00fcr weitere Infos.<\/h4>\n<p>[\/et_pb_text][\/et_pb_column][\/et_pb_row][et_pb_row column_structure=&#8220;1_2,1_2&#8243; _builder_version=&#8220;4.27.4&#8243; _module_preset=&#8220;default&#8220; global_colors_info=&#8220;{}&#8220;][et_pb_column type=&#8220;1_2&#8243; _builder_version=&#8220;4.23.1&#8243; _module_preset=&#8220;default&#8220; global_colors_info=&#8220;{}&#8220;][et_pb_image src=&#8220;https:\/\/veronika-broscheid.com\/wp-content\/uploads\/2026\/01\/IMG_1087.jpeg&#8220; alt=&#8220;Schwan, Collage, \u00d6l auf Leinwand\/Zeitung, 40 x 30 cm, 2026&#8243; title_text=&#8220;IMG_1087&#8243; show_in_lightbox=&#8220;on&#8220; _builder_version=&#8220;4.27.5&#8243; _module_preset=&#8220;default&#8220; transform_scale=&#8220;80%|80%&#8220; hover_enabled=&#8220;0&#8243; global_colors_info=&#8220;{}&#8220; sticky_enabled=&#8220;0&#8243;][\/et_pb_image][\/et_pb_column][et_pb_column type=&#8220;1_2&#8243; _builder_version=&#8220;4.23.1&#8243; _module_preset=&#8220;default&#8220; global_colors_info=&#8220;{}&#8220;][et_pb_image src=&#8220;https:\/\/veronika-broscheid.com\/wp-content\/uploads\/2026\/01\/IMG_1088.jpeg&#8220; alt=&#8220;Kranich, Collage, \u00d6l auf Leinwand\/Zeitung, 40 x 30 cm, 2026&#8243; title_text=&#8220;IMG_1088&#8243; show_in_lightbox=&#8220;on&#8220; _builder_version=&#8220;4.27.5&#8243; _module_preset=&#8220;default&#8220; transform_scale=&#8220;80%|80%&#8220; hover_enabled=&#8220;0&#8243; global_colors_info=&#8220;{}&#8220; sticky_enabled=&#8220;0&#8243;][\/et_pb_image][\/et_pb_column][\/et_pb_row][et_pb_row column_structure=&#8220;1_2,1_2&#8243; _builder_version=&#8220;4.27.4&#8243; _module_preset=&#8220;default&#8220; global_colors_info=&#8220;{}&#8220;][et_pb_column type=&#8220;1_2&#8243; _builder_version=&#8220;4.23.1&#8243; _module_preset=&#8220;default&#8220; global_colors_info=&#8220;{}&#8220;][et_pb_image src=&#8220;https:\/\/veronika-broscheid.com\/wp-content\/uploads\/2026\/01\/IMG_1084.jpeg&#8220; alt=&#8220;Wildg\u00e4nse, \u00d6l auf Holz, 30 x 15 cm, 2025&#8243; title_text=&#8220;IMG_1084&#8243; show_in_lightbox=&#8220;on&#8220; _builder_version=&#8220;4.27.5&#8243; _module_preset=&#8220;default&#8220; transform_scale=&#8220;80%|80%&#8220; global_colors_info=&#8220;{}&#8220;][\/et_pb_image][\/et_pb_column][et_pb_column type=&#8220;1_2&#8243; _builder_version=&#8220;4.23.1&#8243; _module_preset=&#8220;default&#8220; global_colors_info=&#8220;{}&#8220;][et_pb_image src=&#8220;https:\/\/veronika-broscheid.com\/wp-content\/uploads\/2026\/01\/IMG_1086.jpeg&#8220; alt=&#8220;Bald Eagle, Collage, \u00d6l auf Leinwand\/Zeitung, 40 x 40 cm, 2025&#8243; title_text=&#8220;IMG_1086&#8243; show_in_lightbox=&#8220;on&#8220; _builder_version=&#8220;4.27.5&#8243; _module_preset=&#8220;default&#8220; transform_scale=&#8220;80%|80%&#8220; global_colors_info=&#8220;{}&#8220;][\/et_pb_image][\/et_pb_column][\/et_pb_row][et_pb_row column_structure=&#8220;1_2,1_2&#8243; _builder_version=&#8220;4.27.4&#8243; _module_preset=&#8220;default&#8220; global_colors_info=&#8220;{}&#8220;][et_pb_column type=&#8220;1_2&#8243; _builder_version=&#8220;4.23.1&#8243; _module_preset=&#8220;default&#8220; global_colors_info=&#8220;{}&#8220;][et_pb_image src=&#8220;https:\/\/veronika-broscheid.com\/wp-content\/uploads\/2025\/03\/Collage_TurkeyVulture_2024.jpg&#8220; alt=&#8220;Truthahngeier, Collage &#8211; wasserl\u00f6sliche \u00d6lkreide auf Zeitung\/Leinwand, 40 x 40 cm, 2024&#8243; title_text=&#8220;Collage_TurkeyVulture_2024&#8243; show_in_lightbox=&#8220;on&#8220; _builder_version=&#8220;4.27.4&#8243; _module_preset=&#8220;default&#8220; transform_scale=&#8220;80%|80%&#8220; global_colors_info=&#8220;{}&#8220;][\/et_pb_image][\/et_pb_column][et_pb_column type=&#8220;1_2&#8243; _builder_version=&#8220;4.23.1&#8243; _module_preset=&#8220;default&#8220; global_colors_info=&#8220;{}&#8220;][et_pb_image src=&#8220;https:\/\/veronika-broscheid.com\/wp-content\/uploads\/2025\/03\/Collage_TurkeyVulture_Gold_2024.jpg&#8220; alt=&#8220;Truthahngeier, Collage, \u00d6lfarbe und wasserl\u00f6sliche \u00d6lkreide auf Zeitung\/Leinwand, 40 x 40 cm, 2024&#8243; title_text=&#8220;Collage_TurkeyVulture_Gold_2024&#8243; show_in_lightbox=&#8220;on&#8220; _builder_version=&#8220;4.27.4&#8243; _module_preset=&#8220;default&#8220; transform_scale=&#8220;80%|80%&#8220; global_colors_info=&#8220;{}&#8220;][\/et_pb_image][\/et_pb_column][\/et_pb_row][et_pb_row column_structure=&#8220;1_2,1_2&#8243; _builder_version=&#8220;4.27.4&#8243; _module_preset=&#8220;default&#8220; global_colors_info=&#8220;{}&#8220;][et_pb_column type=&#8220;1_2&#8243; _builder_version=&#8220;4.23.1&#8243; _module_preset=&#8220;default&#8220; global_colors_info=&#8220;{}&#8220;][et_pb_image src=&#8220;https:\/\/veronika-broscheid.com\/wp-content\/uploads\/2025\/05\/BaldEagle_MixedMedia_2025.jpeg&#8220; alt=&#8220;Bald Eagle, Collage, \u00d6l auf Leinwand\/Zeitung, 40 x 40 cm, 2025&#8243; title_text=&#8220;BaldEagle_MixedMedia_2025&#8243; show_in_lightbox=&#8220;on&#8220; _builder_version=&#8220;4.27.4&#8243; _module_preset=&#8220;default&#8220; transform_scale=&#8220;80%|80%&#8220; global_colors_info=&#8220;{}&#8220;][\/et_pb_image][\/et_pb_column][et_pb_column type=&#8220;1_2&#8243; _builder_version=&#8220;4.23.1&#8243; _module_preset=&#8220;default&#8220; global_colors_info=&#8220;{}&#8220;][et_pb_image src=&#8220;https:\/\/veronika-broscheid.com\/wp-content\/uploads\/2025\/03\/Collage_Rabe_2025.jpg&#8220; alt=&#8220;Rabe im Anflug, Collage &#8211; \u00d6lfarbe auf Zeitung\/Leinwand, 40 x 40 cm, 2025&#8243; title_text=&#8220;Collage_Rabe_2025&#8243; show_in_lightbox=&#8220;on&#8220; _builder_version=&#8220;4.27.4&#8243; _module_preset=&#8220;default&#8220; transform_scale=&#8220;80%|80%&#8220; global_colors_info=&#8220;{}&#8220;][\/et_pb_image][\/et_pb_column][\/et_pb_row][et_pb_row column_structure=&#8220;1_3,1_3,1_3&#8243; _builder_version=&#8220;4.23.1&#8243; _module_preset=&#8220;default&#8220; global_colors_info=&#8220;{}&#8220;][et_pb_column type=&#8220;1_3&#8243; _builder_version=&#8220;4.23.1&#8243; _module_preset=&#8220;default&#8220; global_colors_info=&#8220;{}&#8220;][et_pb_image src=&#8220;https:\/\/veronika-broscheid.com\/wp-content\/uploads\/2025\/03\/Raven_OilPastel_2025.jpg&#8220; alt=&#8220;Rabe, \u00d6lpastellkreide und Tuschestift, 2025&#8243; title_text=&#8220;Raven_OilPastel_2025&#8243; show_in_lightbox=&#8220;on&#8220; _builder_version=&#8220;4.27.4&#8243; _module_preset=&#8220;default&#8220; transform_scale=&#8220;80%|80%&#8220; global_colors_info=&#8220;{}&#8220;][\/et_pb_image][\/et_pb_column][et_pb_column type=&#8220;1_3&#8243; _builder_version=&#8220;4.23.1&#8243; _module_preset=&#8220;default&#8220; global_colors_info=&#8220;{}&#8220;][et_pb_image src=&#8220;https:\/\/veronika-broscheid.com\/wp-content\/uploads\/2025\/03\/raven_ink_2024.jpg&#8220; alt=&#8220;Rabe, Tusche, 40 x 30 cm, 2024&#8243; title_text=&#8220;raven_ink_2024&#8243; show_in_lightbox=&#8220;on&#8220; _builder_version=&#8220;4.27.4&#8243; _module_preset=&#8220;default&#8220; transform_scale=&#8220;80%|80%&#8220; global_colors_info=&#8220;{}&#8220;][\/et_pb_image][\/et_pb_column][et_pb_column type=&#8220;1_3&#8243; _builder_version=&#8220;4.23.1&#8243; _module_preset=&#8220;default&#8220; global_colors_info=&#8220;{}&#8220;][et_pb_image src=&#8220;https:\/\/veronika-broscheid.com\/wp-content\/uploads\/2025\/03\/goose_ink_2024.jpg&#8220; alt=&#8220;Kranich, Tusche, 23 x 18 cm, 2024&#8243; title_text=&#8220;goose_ink_2024&#8243; show_in_lightbox=&#8220;on&#8220; _builder_version=&#8220;4.27.4&#8243; _module_preset=&#8220;default&#8220; transform_scale=&#8220;80%|80%&#8220; global_colors_info=&#8220;{}&#8220;][\/et_pb_image][\/et_pb_column][\/et_pb_row][et_pb_row column_structure=&#8220;1_2,1_2&#8243; _builder_version=&#8220;4.27.4&#8243; _module_preset=&#8220;default&#8220; global_colors_info=&#8220;{}&#8220;][et_pb_column type=&#8220;1_2&#8243; _builder_version=&#8220;4.23.1&#8243; _module_preset=&#8220;default&#8220; global_colors_info=&#8220;{}&#8220;][et_pb_image src=&#8220;https:\/\/veronika-broscheid.com\/wp-content\/uploads\/2025\/03\/SandhillCranes_WC_2025.jpg&#8220; alt=&#8220;Kanadakraniche, Aquarell, 24 x 18 cm, 2025&#8243; title_text=&#8220;SandhillCranes_WC_2025&#8243; show_in_lightbox=&#8220;on&#8220; _builder_version=&#8220;4.27.4&#8243; _module_preset=&#8220;default&#8220; transform_scale=&#8220;80%|80%&#8220; global_colors_info=&#8220;{}&#8220;][\/et_pb_image][\/et_pb_column][et_pb_column type=&#8220;1_2&#8243; _builder_version=&#8220;4.23.1&#8243; _module_preset=&#8220;default&#8220; global_colors_info=&#8220;{}&#8220;][et_pb_image src=&#8220;https:\/\/veronika-broscheid.com\/wp-content\/uploads\/2025\/03\/eagle_wc_2025-1.jpg&#8220; alt=&#8220;Adler, Aquarell, 24 x 18 cm, 2025&#8243; title_text=&#8220;eagle_wc_2025&#8243; show_in_lightbox=&#8220;on&#8220; _builder_version=&#8220;4.27.4&#8243; _module_preset=&#8220;default&#8220; transform_scale=&#8220;80%|80%&#8220; global_colors_info=&#8220;{}&#8220;][\/et_pb_image][\/et_pb_column][\/et_pb_row][\/et_pb_section]<\/p>\n","protected":false},"excerpt":{"rendered":"<p>V\u00f6gel Klicke auf ein Bild f\u00fcr weitere Infos.<\/p>","protected":false},"author":1,"featured_media":0,"parent":0,"menu_order":0,"comment_status":"closed","ping_status":"closed","template":"","meta":{"_et_pb_use_builder":"on","_et_pb_old_content":"","_et_gb_content_width":"","footnotes":""},"class_list":["post-1041","page","type-page","status-publish","hentry"],"yoast_head":"<!-- This site is optimized with the Yoast SEO plugin v27.2 - https:\/\/yoast.com\/product\/yoast-seo-wordpress\/ -->\n<title>V\u00f6gel - Veronika Broscheid<\/title>\n<meta name=\"robots\" content=\"index, follow, max-snippet:-1, max-image-preview:large, max-video-preview:-1\" \/>\n<link rel=\"canonical\" href=\"https:\/\/veronika-broscheid.com\/en_us\/voegel\/\" \/>\n<meta property=\"og:locale\" content=\"en_US\" \/>\n<meta property=\"og:type\" content=\"article\" \/>\n<meta property=\"og:title\" content=\"V\u00f6gel - Veronika Broscheid\" \/>\n<meta property=\"og:description\" content=\"V\u00f6gel Klicke auf ein Bild f\u00fcr weitere Infos.\" \/>\n<meta property=\"og:url\" content=\"https:\/\/veronika-broscheid.com\/en_us\/voegel\/\" \/>\n<meta property=\"og:site_name\" content=\"Veronika Broscheid\" \/>\n<meta property=\"article:modified_time\" content=\"2026-01-24T15:25:10+00:00\" \/>\n<meta name=\"twitter:card\" content=\"summary_large_image\" \/>\n<script type=\"application\/ld+json\" class=\"yoast-schema-graph\">{\"@context\":\"https:\/\/schema.org\",\"@graph\":[{\"@type\":\"WebPage\",\"@id\":\"https:\/\/veronika-broscheid.com\/voegel\/\",\"url\":\"https:\/\/veronika-broscheid.com\/voegel\/\",\"name\":\"V\u00f6gel - Veronika Broscheid\",\"isPartOf\":{\"@id\":\"https:\/\/veronika-broscheid.com\/#website\"},\"datePublished\":\"2025-03-05T16:21:12+00:00\",\"dateModified\":\"2026-01-24T15:25:10+00:00\",\"breadcrumb\":{\"@id\":\"https:\/\/veronika-broscheid.com\/voegel\/#breadcrumb\"},\"inLanguage\":\"en-US\",\"potentialAction\":[{\"@type\":\"ReadAction\",\"target\":[\"https:\/\/veronika-broscheid.com\/voegel\/\"]}]},{\"@type\":\"BreadcrumbList\",\"@id\":\"https:\/\/veronika-broscheid.com\/voegel\/#breadcrumb\",\"itemListElement\":[{\"@type\":\"ListItem\",\"position\":1,\"name\":\"Startseite\",\"item\":\"https:\/\/veronika-broscheid.com\/\"},{\"@type\":\"ListItem\",\"position\":2,\"name\":\"V\u00f6gel\"}]},{\"@type\":\"WebSite\",\"@id\":\"https:\/\/veronika-broscheid.com\/#website\",\"url\":\"https:\/\/veronika-broscheid.com\/\",\"name\":\"Veronika Broscheid\",\"description\":\"\",\"potentialAction\":[{\"@type\":\"SearchAction\",\"target\":{\"@type\":\"EntryPoint\",\"urlTemplate\":\"https:\/\/veronika-broscheid.com\/?s={search_term_string}\"},\"query-input\":{\"@type\":\"PropertyValueSpecification\",\"valueRequired\":true,\"valueName\":\"search_term_string\"}}],\"inLanguage\":\"en-US\"}]}<\/script>\n<!-- \/ Yoast SEO plugin. -->","yoast_head_json":{"title":"V\u00f6gel - Veronika Broscheid","robots":{"index":"index","follow":"follow","max-snippet":"max-snippet:-1","max-image-preview":"max-image-preview:large","max-video-preview":"max-video-preview:-1"},"canonical":"https:\/\/veronika-broscheid.com\/en_us\/voegel\/","og_locale":"en_US","og_type":"article","og_title":"V\u00f6gel - Veronika Broscheid","og_description":"V\u00f6gel Klicke auf ein Bild f\u00fcr weitere Infos.","og_url":"https:\/\/veronika-broscheid.com\/en_us\/voegel\/","og_site_name":"Veronika Broscheid","article_modified_time":"2026-01-24T15:25:10+00:00","twitter_card":"summary_large_image","schema":{"@context":"https:\/\/schema.org","@graph":[{"@type":"WebPage","@id":"https:\/\/veronika-broscheid.com\/voegel\/","url":"https:\/\/veronika-broscheid.com\/voegel\/","name":"V\u00f6gel - Veronika Broscheid","isPartOf":{"@id":"https:\/\/veronika-broscheid.com\/#website"},"datePublished":"2025-03-05T16:21:12+00:00","dateModified":"2026-01-24T15:25:10+00:00","breadcrumb":{"@id":"https:\/\/veronika-broscheid.com\/voegel\/#breadcrumb"},"inLanguage":"en-US","potentialAction":[{"@type":"ReadAction","target":["https:\/\/veronika-broscheid.com\/voegel\/"]}]},{"@type":"BreadcrumbList","@id":"https:\/\/veronika-broscheid.com\/voegel\/#breadcrumb","itemListElement":[{"@type":"ListItem","position":1,"name":"Startseite","item":"https:\/\/veronika-broscheid.com\/"},{"@type":"ListItem","position":2,"name":"V\u00f6gel"}]},{"@type":"WebSite","@id":"https:\/\/veronika-broscheid.com\/#website","url":"https:\/\/veronika-broscheid.com\/","name":"Veronika Broscheid","description":"","potentialAction":[{"@type":"SearchAction","target":{"@type":"EntryPoint","urlTemplate":"https:\/\/veronika-broscheid.com\/?s={search_term_string}"},"query-input":{"@type":"PropertyValueSpecification","valueRequired":true,"valueName":"search_term_string"}}],"inLanguage":"en-US"}]}},"_links":{"self":[{"href":"https:\/\/veronika-broscheid.com\/en_us\/wp-json\/wp\/v2\/pages\/1041","targetHints":{"allow":["GET"]}}],"collection":[{"href":"https:\/\/veronika-broscheid.com\/en_us\/wp-json\/wp\/v2\/pages"}],"about":[{"href":"https:\/\/veronika-broscheid.com\/en_us\/wp-json\/wp\/v2\/types\/page"}],"author":[{"embeddable":true,"href":"https:\/\/veronika-broscheid.com\/en_us\/wp-json\/wp\/v2\/users\/1"}],"replies":[{"embeddable":true,"href":"https:\/\/veronika-broscheid.com\/en_us\/wp-json\/wp\/v2\/comments?post=1041"}],"version-history":[{"count":10,"href":"https:\/\/veronika-broscheid.com\/en_us\/wp-json\/wp\/v2\/pages\/1041\/revisions"}],"predecessor-version":[{"id":1308,"href":"https:\/\/veronika-broscheid.com\/en_us\/wp-json\/wp\/v2\/pages\/1041\/revisions\/1308"}],"wp:attachment":[{"href":"https:\/\/veronika-broscheid.com\/en_us\/wp-json\/wp\/v2\/media?parent=1041"}],"curies":[{"name":"wp","href":"https:\/\/api.w.org\/{rel}","templated":true}]}}